{"id":941,"date":"2022-05-17T11:59:37","date_gmt":"2022-05-17T09:59:37","guid":{"rendered":"https:\/\/anoiavallescourier.es\/inici"},"modified":"2022-09-01T09:20:56","modified_gmt":"2022-09-01T09:20:56","slug":"inici","status":"publish","type":"page","link":"https:\/\/avcourier.es\/ca","title":{"rendered":"INICI"},"content":{"rendered":"<div class=\"wpb-content-wrapper\">[vc_row][vc_column][\/vc_column][\/vc_row][vc_row][vc_column offset=&#8221;vc_hidden-md vc_hidden-sm vc_hidden-xs&#8221;]<div class=\"boc_spacing \" style=\"height: 50px\"><\/div>[\/vc_column][\/vc_row][vc_row][vc_column width=&#8221;1\/4&#8243;][vc_single_image alignment=&#8221;center&#8221; css_animation=&#8221;boc_animate_when_almost_visible boc_fade-in&#8221; image=&#8221;1063&#8243;][\/vc_column][vc_column width=&#8221;1\/4&#8243;][vc_single_image alignment=&#8221;center&#8221; css_animation=&#8221;boc_animate_when_almost_visible boc_fade-in&#8221; image=&#8221;1065&#8243;][\/vc_column][vc_column width=&#8221;1\/4&#8243;][vc_single_image alignment=&#8221;center&#8221; css_animation=&#8221;boc_animate_when_almost_visible boc_fade-in&#8221; image=&#8221;1067&#8243;][\/vc_column][vc_column width=&#8221;1\/4&#8243;][vc_single_image alignment=&#8221;center&#8221; css_animation=&#8221;boc_animate_when_almost_visible boc_fade-in&#8221; image=&#8221;1069&#8243;][\/vc_column][\/vc_row][vc_row][vc_column offset=&#8221;vc_hidden-md vc_hidden-sm vc_hidden-xs&#8221;]<div class=\"boc_spacing \" style=\"height: 50px\"><\/div>[\/vc_column][\/vc_row][vc_row][vc_column][vc_column_text css_animation=&#8221;boc_animate_when_almost_visible boc_right-to-left&#8221;]\n<h3 style=\"text-align: center;\"><span style=\"font-weight: bold; color: #000000; font-size: 25px;\">QUIN TIPUS D&#8217;ENVIAMENT NECESSITES REALITZAR?<\/span><\/h3>\n[\/vc_column_text][\/vc_column][\/vc_row][vc_row full_width=&#8221;stretch_row_content_no_spaces&#8221; gap=&#8221;20&#8243; css_animation=&#8221;fadeInUp&#8221;][vc_column width=&#8221;1\/4&#8243;][vc_single_image alignment=&#8221;center&#8221; onclick=&#8221;custom_link&#8221; image=&#8221;583&#8243; link=&#8221;\/ca\/enviament-paqueteria-nacional&#8221;][\/vc_column][vc_column width=&#8221;1\/4&#8243;][vc_single_image alignment=&#8221;center&#8221; onclick=&#8221;custom_link&#8221; image=&#8221;584&#8243; link=&#8221;\/ca\/enviament-paqueteria-internacional&#8221;][\/vc_column][vc_column width=&#8221;1\/4&#8243;][vc_single_image alignment=&#8221;center&#8221; onclick=&#8221;custom_link&#8221; image=&#8221;585&#8243; link=&#8221;\/ca\/enviament-paqueteria-nacional&#8221;][\/vc_column][vc_column width=&#8221;1\/4&#8243;][vc_single_image alignment=&#8221;center&#8221; onclick=&#8221;custom_link&#8221; image=&#8221;586&#8243; link=&#8221;\/ca\/serveis-especials&#8221;][\/vc_column][\/vc_row][vc_row full_width=&#8221;stretch_row_content_no_spaces&#8221; css_animation=&#8221;fadeInLeft&#8221; css=&#8221;.vc_custom_1655811682965{margin-bottom: 80px !important;background-image: url(\/wp-content\/uploads\/2022\/06\/banner-home-av-courier-scaled.jpg?id=591) !important;background-position: center !important;background-repeat: no-repeat !important;background-size: cover !important;}&#8221;][vc_column width=&#8221;1\/2&#8243; el_class=&#8221;botones&#8221; offset=&#8221;vc_hidden-md vc_hidden-sm vc_hidden-xs&#8221;]<div class=\"boc_spacing \" style=\"height: 280px\"><\/div>[vc_column_text]\n<h3><span style=\"font-weight: bold; color: #000000; font-size: 25px;\">NECESSITES AJUDA AMB EL TEU ENVIAMENT?<\/span><\/h3>\n[\/vc_column_text]<a\thref=\"\/ca\/contacte\" \n\t\t\t\tclass=\"button btn_huge btn_dark btn_squared btn_outline    \"  target='_self'><span>CONTACTA&#039;NS<\/span><\/a><div class=\"boc_spacing \" style=\"height: 120px\"><\/div>[\/vc_column][vc_column width=&#8221;1\/2&#8243; offset=&#8221;vc_hidden-md vc_hidden-sm vc_hidden-xs&#8221;][vc_column_text css=&#8221;.vc_custom_1660046048615{margin-top: 180px !important;margin-right: 60px !important;margin-left: 130px !important;padding-top: 20px !important;padding-right: 40px !important;padding-bottom: 10px !important;padding-left: 20px !important;background-color: rgba(85,178,174,0.9) !important;*background-color: rgb(85,178,174) !important;border-radius: 15px !important;}&#8221;]<span style=\"color: #ffffff;\"><strong>Consells sobre paqueteria<\/strong><\/span><\/p>\n<hr \/>\n<ul>\n<li><span style=\"color: #ffffff;\">\u00c9s important que utilitzis un empaquetat adequat, sigui el format que sigui.<\/span><\/li>\n<li><span style=\"color: #ffffff;\">Assegureu-vos que l&#8217;embalatge que utilitzareu es troba en bon estat.<\/span><\/li>\n<li><span style=\"color: #ffffff;\">Si es tracta d&#8217;un material fr\u00e0gil, protegiu-lo amb paper bombolla o material encoixinat abans d&#8217;empaquetar-lo.<\/span><\/li>\n<li><span style=\"color: #ffffff;\">Tanca la caixa o el sobre correctament. En el cas de les caixes \u00e9s important que utilitzis una cinta adhesiva resistent i enforteixis totes les unions de les solapes de la mateixa.<\/span><\/li>\n<\/ul>\n[\/vc_column_text]<div class=\"boc_spacing \" style=\"height: 20px\"><\/div>[\/vc_column][\/vc_row][vc_row full_width=&#8221;stretch_row_content_no_spaces&#8221; css=&#8221;.vc_custom_1655811695310{margin-top: -125px !important;background-image: url(\/wp-content\/uploads\/2022\/06\/banner-home-av-courier-scaled.jpg?id=591) !important;background-position: center !important;background-repeat: no-repeat !important;background-size: cover !important;}&#8221;][vc_column width=&#8221;1\/2&#8243; el_class=&#8221;botones&#8221; offset=&#8221;vc_hidden-lg&#8221;]<div class=\"boc_spacing \" style=\"height: 280px\"><\/div>[vc_column_text]\n<h3><span style=\"font-weight: bold; color: #000000; font-size: 25px;\">NECESSITES AJUDA AMB EL TEU ENVIAMENT?<\/span><\/h3>\n[\/vc_column_text]<a\thref=\"\/ca\/contacte\" \n\t\t\t\tclass=\"button btn_huge btn_dark btn_squared btn_normal_style    \"  target='_self'><span>CONTACTA&#039;NS<\/span><\/a><div class=\"boc_spacing \" style=\"height: 120px\"><\/div>[\/vc_column][vc_column width=&#8221;1\/2&#8243; offset=&#8221;vc_hidden-lg&#8221;][\/vc_column][\/vc_row][vc_row full_width=&#8221;stretch_row_content_no_spaces&#8221; css=&#8221;.vc_custom_1655811554089{background-image: url(\/wp-content\/uploads\/2022\/06\/FOTOS-WEB-HOME.jpg?id=589) !important;background-position: center !important;background-repeat: no-repeat !important;background-size: cover !important;}&#8221;][vc_column offset=&#8221;vc_hidden-md vc_hidden-sm vc_hidden-xs&#8221;]<div class=\"boc_spacing \" style=\"height: 250px\"><\/div>[vc_column_text css_animation=&#8221;boc_animate_when_almost_visible boc_left-to-right&#8221;]\n<h3 style=\"text-align: center;\"><span style=\"font-weight: bold; color: white; font-size: 30px;\">LA TEVA TRANQUIL\u2022LITAT I CONFIAN\u00c7A DURANT EL RECORREGUT <\/span><\/h3>\n<h3 style=\"text-align: center;\"><span style=\"font-weight: bold; color: white; font-size: 30px;\">COM EL NOSTRE PRINCIPAL OBJECTIU<\/span><\/h3>\n[\/vc_column_text]<div class=\"boc_spacing \" style=\"height: 150px\"><\/div>[vc_column_text css_animation=&#8221;boc_animate_when_almost_visible boc_right-to-left&#8221; css=&#8221;.vc_custom_1662024031968{padding-top: 50px !important;padding-right: 50px !important;padding-bottom: 50px !important;padding-left: 50px !important;background-color: rgba(99,99,99,0.6) !important;*background-color: rgb(99,99,99) !important;}&#8221;]\n<p style=\"text-align: center;\"><span style=\"color: #ffffff;\">AV Courier t&#8217;ofereix un servei de transport de confian\u00e7a, garantint la teva tranquil\u00b7litat durant tot el trajecte.<br \/>\nOferim als nostres clients una atenci\u00f3 personalitzada que ens permet donar una resposta \u00e0gil i r\u00e0pida, adaptant-nos a les seves necessitats i donant-los la possibilitat de realitzar un seguiment continu des de la recollida fins al lliurament.<\/span><\/p>\n[\/vc_column_text][\/vc_column][\/vc_row][vc_row full_width=&#8221;stretch_row_content_no_spaces&#8221; css=&#8221;.vc_custom_1655811564214{margin-top: -85px !important;background-image: url(\/wp-content\/uploads\/2022\/06\/FOTOS-WEB-HOME.jpg?id=589) !important;background-position: center !important;background-repeat: no-repeat !important;background-size: cover !important;}&#8221;][vc_column offset=&#8221;vc_hidden-lg&#8221;]<div class=\"boc_spacing \" style=\"height: 150px\"><\/div>[vc_column_text css=&#8221;.vc_custom_1652946048158{margin-right: 30px !important;margin-left: 30px !important;}&#8221;]\n<h3 style=\"text-align: center;\"><span style=\"font-weight: bold; color: white; font-size: 25px;\">LA TEVA TRANQUIL\u2022LITAT I CONFIAN\u00c7A DURANT EL RECORREGUT <\/span><\/h3>\n<h3 style=\"text-align: center;\"><span style=\"font-weight: bold; color: white; font-size: 25px;\">COM EL NOSTRE PRINCIPAL OBJECTIU<\/span><\/h3>\n[\/vc_column_text]<div class=\"boc_spacing \" style=\"height: 100px\"><\/div>[vc_column_text css=&#8221;.vc_custom_1662024054652{padding-top: 50px !important;padding-right: 50px !important;padding-bottom: 50px !important;padding-left: 50px !important;background-color: rgba(99,99,99,0.6) !important;*background-color: rgb(99,99,99) !important;}&#8221;]\n<p style=\"text-align: center;\"><span style=\"color: #ffffff;\">AV Courier t&#8217;ofereix un servei de transport de confian\u00e7a, garantint la teva tranquil\u00b7litat durant tot el trajecte.<br \/>\nOferim als nostres clients una atenci\u00f3 personalitzada que ens permet donar una resposta \u00e0gil i r\u00e0pida, adaptant-nos a les seves necessitats i donant-los la possibilitat de realitzar un seguiment continu des de la recollida fins al lliurament.<\/span><\/p>\n[\/vc_column_text][\/vc_column][\/vc_row][vc_row][vc_column offset=&#8221;vc_hidden-md vc_hidden-sm vc_hidden-xs&#8221;]<div class=\"boc_spacing \" style=\"height: 50px\"><\/div>[\/vc_column][\/vc_row][vc_row equal_height=&#8221;yes&#8221;][vc_column css_animation=&#8221;fadeInLeft&#8221; width=&#8221;1\/2&#8243; css=&#8221;.vc_custom_1659693279567{margin-right: 120px !important;margin-left: 120px !important;}&#8221; offset=&#8221;vc_hidden-md vc_hidden-sm vc_hidden-xs&#8221;][vc_single_image alignment=&#8221;center&#8221; onclick=&#8221;custom_link&#8221; img_link_target=&#8221;_blank&#8221; image=&#8221;698&#8243; link=&#8221;https:\/\/www.gls-spain.es\/es\/recibir-paquetes\/seguimiento-envio\/&#8221;][\/vc_column][vc_column css_animation=&#8221;fadeInRight&#8221; width=&#8221;1\/2&#8243; offset=&#8221;vc_hidden-md vc_hidden-sm vc_hidden-xs&#8221;][vc_single_image image=&#8221;13&#8243;][vc_column_text]\n<h3><span style=\"font-weight: bold; color: #000000; font-size: 25px;\">EL NOSTRE EQUIP EST\u00c0 SEMPRE A LA TEVA DISPOSICI\u00d3<\/span><\/h3>\n<p style=\"text-align: justify;\">A AV Courier disposem d&#8217;un equip per oferir-te una atenci\u00f3 personalitzada, resoldre tots els teus dubtes i ajudar-te en el proc\u00e9s de fer un enviament o gestionar una recollida. Pots contactar-nos mitjan\u00e7ant el nostre correu electr\u00f2nic info@anoiavallescourier.com i et respondrem el m\u00e9s aviat possible per assessorar-te. Si necessiteu informaci\u00f3 del vostre enviament, sempre podeu consultar a trav\u00e9s de la consulta d&#8217;estat introduint el vostre n\u00famero de seguiment.<\/p>\n[\/vc_column_text][\/vc_column][\/vc_row][vc_row equal_height=&#8221;yes&#8221; css=&#8221;.vc_custom_1652946489916{margin-right: 10px !important;margin-left: 10px !important;}&#8221;][vc_column offset=&#8221;vc_hidden-lg&#8221; css=&#8221;.vc_custom_1659693971039{margin-top: -40px !important;}&#8221;][vc_single_image alignment=&#8221;center&#8221; onclick=&#8221;custom_link&#8221; img_link_target=&#8221;_blank&#8221; image=&#8221;698&#8243; link=&#8221;https:\/\/www.gls-spain.es\/es\/recibir-paquetes\/seguimiento-envio\/&#8221;][vc_single_image image=&#8221;13&#8243;][vc_column_text]\n<h3><span style=\"font-weight: bold; color: #000000; font-size: 25px;\">EL NOSTRE EQUIP EST\u00c0 SEMPRE A LA TEVA DISPOSICI\u00d3<\/span><\/h3>\n<p style=\"text-align: justify;\">A AV Courier disposem d&#8217;un equip per oferir-te una atenci\u00f3 personalitzada, resoldre tots els teus dubtes i ajudar-te en el proc\u00e9s de fer un enviament o gestionar una recollida. Pots contactar-nos mitjan\u00e7ant el nostre correu electr\u00f2nic info@anoiavallescourier.com i et respondrem el m\u00e9s aviat possible per assessorar-te. Si necessiteu informaci\u00f3 del vostre enviament, sempre podeu consultar a trav\u00e9s de la consulta d&#8217;estat introduint el vostre n\u00famero de seguiment.<\/p>\n[\/vc_column_text][\/vc_column][\/vc_row][vc_row][vc_column][\/vc_column][\/vc_row]\n<\/div>","protected":false},"excerpt":{"rendered":"<p>[vc_row][vc_column][\/vc_column][\/vc_row][vc_row][vc_column offset=&#8221;vc_hidden-md vc_hidden-sm vc_hidden-xs&#8221;][\/vc_column][\/vc_row][vc_row][vc_column width=&#8221;1\/4&#8243;][vc_single_image alignment=&#8221;center&#8221; css_animation=&#8221;boc_animate_when_almost_visible boc_fade-in&#8221; image=&#8221;1063&#8243;][\/vc_column][vc_column width=&#8221;1\/4&#8243;][vc_single_image alignment=&#8221;center&#8221; css_animation=&#8221;boc_animate_when_almost_visible boc_fade-in&#8221; image=&#8221;1065&#8243;][\/vc_column][vc_column width=&#8221;1\/4&#8243;][vc_single_image alignment=&#8221;center&#8221; css_animation=&#8221;boc_animate_when_almost_visible boc_fade-in&#8221; image=&#8221;1067&#8243;][\/vc_column][vc_column width=&#8221;1\/4&#8243;][vc_single_image alignment=&#8221;center&#8221; css_animation=&#8221;boc_animate_when_almost_visible boc_fade-in&#8221; image=&#8221;1069&#8243;][\/vc_column][\/vc_row][vc_row][vc_column offset=&#8221;vc_hidden-md vc_hidden-sm vc_hidden-xs&#8221;][\/vc_column][\/vc_row][vc_row][vc_column][vc_column_text css_animation=&#8221;boc_animate_when_almost_visible boc_right-to-left&#8221;] QUIN TIPUS D&#8217;ENVIAMENT NECESSITES REALITZAR? [\/vc_column_text][\/vc_column][\/vc_row][vc_row full_width=&#8221;stretch_row_content_no_spaces&#8221; gap=&#8221;20&#8243; css_animation=&#8221;fadeInUp&#8221;][vc_column width=&#8221;1\/4&#8243;][vc_single_image alignment=&#8221;center&#8221; onclick=&#8221;custom_link&#8221; image=&#8221;583&#8243; link=&#8221;\/ca\/enviament-paqueteria-nacional&#8221;][\/vc_column][vc_column width=&#8221;1\/4&#8243;][vc_single_image alignment=&#8221;center&#8221; onclick=&#8221;custom_link&#8221; image=&#8221;584&#8243; link=&#8221;\/ca\/enviament-paqueteria-internacional&#8221;][\/vc_column][vc_column width=&#8221;1\/4&#8243;][vc_single_image alignment=&#8221;center&#8221; onclick=&#8221;custom_link&#8221; image=&#8221;585&#8243; link=&#8221;\/ca\/enviament-paqueteria-nacional&#8221;][\/vc_column][vc_column width=&#8221;1\/4&#8243;][vc_single_image alignment=&#8221;center&#8221; onclick=&#8221;custom_link&#8221; image=&#8221;586&#8243; link=&#8221;\/ca\/serveis-especials&#8221;][\/vc_column][\/vc_row][vc_row full_width=&#8221;stretch_row_content_no_spaces&#8221; css_animation=&#8221;fadeInLeft&#8221;<\/p>\n<div class=\"h10\"><\/div>\n<p><a class=\"more-link1\" href=\"https:\/\/avcourier.es\/ca\">Read more<\/a><\/p>\n","protected":false},"author":1,"featured_media":0,"parent":0,"menu_order":0,"comment_status":"closed","ping_status":"closed","template":"","meta":{"footnotes":""},"class_list":["post-941","page","type-page","status-publish","hentry"],"yoast_head":"<!-- This site is optimized with the Yoast SEO plugin v26.9 - https:\/\/yoast.com\/product\/yoast-seo-wordpress\/ -->\n<title>INICI - AV COURIER Empresa de paqueter\u00eda y env\u00edos<\/title>\n<meta name=\"robots\" content=\"index, follow, max-snippet:-1, max-image-preview:large, max-video-preview:-1\" \/>\n<link rel=\"canonical\" href=\"https:\/\/avcourier.es\/ca\" \/>\n<meta property=\"og:locale\" content=\"ca_ES\" \/>\n<meta property=\"og:type\" content=\"article\" \/>\n<meta property=\"og:title\" content=\"INICI - AV COURIER Empresa de paqueter\u00eda y env\u00edos\" \/>\n<meta property=\"og:description\" content=\"[vc_row][vc_column][\/vc_column][\/vc_row][vc_row][vc_column offset=&#8221;vc_hidden-md vc_hidden-sm vc_hidden-xs&#8221;][\/vc_column][\/vc_row][vc_row][vc_column width=&#8221;1\/4&#8243;][vc_single_image alignment=&#8221;center&#8221; css_animation=&#8221;boc_animate_when_almost_visible boc_fade-in&#8221; image=&#8221;1063&#8243;][\/vc_column][vc_column width=&#8221;1\/4&#8243;][vc_single_image alignment=&#8221;center&#8221; css_animation=&#8221;boc_animate_when_almost_visible boc_fade-in&#8221; image=&#8221;1065&#8243;][\/vc_column][vc_column width=&#8221;1\/4&#8243;][vc_single_image alignment=&#8221;center&#8221; css_animation=&#8221;boc_animate_when_almost_visible boc_fade-in&#8221; image=&#8221;1067&#8243;][\/vc_column][vc_column width=&#8221;1\/4&#8243;][vc_single_image alignment=&#8221;center&#8221; css_animation=&#8221;boc_animate_when_almost_visible boc_fade-in&#8221; image=&#8221;1069&#8243;][\/vc_column][\/vc_row][vc_row][vc_column offset=&#8221;vc_hidden-md vc_hidden-sm vc_hidden-xs&#8221;][\/vc_column][\/vc_row][vc_row][vc_column][vc_column_text css_animation=&#8221;boc_animate_when_almost_visible boc_right-to-left&#8221;] QUIN TIPUS D&#8217;ENVIAMENT NECESSITES REALITZAR? [\/vc_column_text][\/vc_column][\/vc_row][vc_row full_width=&#8221;stretch_row_content_no_spaces&#8221; gap=&#8221;20&#8243; css_animation=&#8221;fadeInUp&#8221;][vc_column width=&#8221;1\/4&#8243;][vc_single_image alignment=&#8221;center&#8221; onclick=&#8221;custom_link&#8221; image=&#8221;583&#8243; link=&#8221;\/ca\/enviament-paqueteria-nacional&#8221;][\/vc_column][vc_column width=&#8221;1\/4&#8243;][vc_single_image alignment=&#8221;center&#8221; onclick=&#8221;custom_link&#8221; image=&#8221;584&#8243; link=&#8221;\/ca\/enviament-paqueteria-internacional&#8221;][\/vc_column][vc_column width=&#8221;1\/4&#8243;][vc_single_image alignment=&#8221;center&#8221; onclick=&#8221;custom_link&#8221; image=&#8221;585&#8243; link=&#8221;\/ca\/enviament-paqueteria-nacional&#8221;][\/vc_column][vc_column width=&#8221;1\/4&#8243;][vc_single_image alignment=&#8221;center&#8221; onclick=&#8221;custom_link&#8221; image=&#8221;586&#8243; link=&#8221;\/ca\/serveis-especials&#8221;][\/vc_column][\/vc_row][vc_row full_width=&#8221;stretch_row_content_no_spaces&#8221; css_animation=&#8221;fadeInLeft&#8221;Read more\" \/>\n<meta property=\"og:url\" content=\"https:\/\/avcourier.es\/ca\" \/>\n<meta property=\"og:site_name\" content=\"AV COURIER Empresa de paqueter\u00eda y env\u00edos\" \/>\n<meta property=\"article:modified_time\" content=\"2022-09-01T09:20:56+00:00\" \/>\n<meta name=\"twitter:card\" content=\"summary_large_image\" \/>\n<meta name=\"twitter:label1\" content=\"Temps estimat de lectura\" \/>\n\t<meta name=\"twitter:data1\" content=\"6 minuts\" \/>\n<script type=\"application\/ld+json\" class=\"yoast-schema-graph\">{\"@context\":\"https:\/\/schema.org\",\"@graph\":[{\"@type\":\"WebPage\",\"@id\":\"https:\/\/avcourier.es\/ca\",\"url\":\"https:\/\/avcourier.es\/ca\",\"name\":\"INICI - AV COURIER Empresa de paqueter\u00eda y env\u00edos\",\"isPartOf\":{\"@id\":\"https:\/\/avcourier.es\/#website\"},\"datePublished\":\"2022-05-17T09:59:37+00:00\",\"dateModified\":\"2022-09-01T09:20:56+00:00\",\"breadcrumb\":{\"@id\":\"https:\/\/avcourier.es\/ca#breadcrumb\"},\"inLanguage\":\"ca\",\"potentialAction\":[{\"@type\":\"ReadAction\",\"target\":[\"https:\/\/avcourier.es\/ca\"]}]},{\"@type\":\"BreadcrumbList\",\"@id\":\"https:\/\/avcourier.es\/ca#breadcrumb\",\"itemListElement\":[{\"@type\":\"ListItem\",\"position\":1,\"name\":\"Portada\",\"item\":\"https:\/\/avcourier.es\/ca\"},{\"@type\":\"ListItem\",\"position\":2,\"name\":\"INICI\"}]},{\"@type\":\"WebSite\",\"@id\":\"https:\/\/avcourier.es\/#website\",\"url\":\"https:\/\/avcourier.es\/\",\"name\":\"AV COURIER Empresa de paqueter\u00eda y env\u00edos\",\"description\":\"\",\"potentialAction\":[{\"@type\":\"SearchAction\",\"target\":{\"@type\":\"EntryPoint\",\"urlTemplate\":\"https:\/\/avcourier.es\/?s={search_term_string}\"},\"query-input\":{\"@type\":\"PropertyValueSpecification\",\"valueRequired\":true,\"valueName\":\"search_term_string\"}}],\"inLanguage\":\"ca\"}]}<\/script>\n<!-- \/ Yoast SEO plugin. -->","yoast_head_json":{"title":"INICI - AV COURIER Empresa de paqueter\u00eda y env\u00edos","robots":{"index":"index","follow":"follow","max-snippet":"max-snippet:-1","max-image-preview":"max-image-preview:large","max-video-preview":"max-video-preview:-1"},"canonical":"https:\/\/avcourier.es\/ca","og_locale":"ca_ES","og_type":"article","og_title":"INICI - AV COURIER Empresa de paqueter\u00eda y env\u00edos","og_description":"[vc_row][vc_column][\/vc_column][\/vc_row][vc_row][vc_column offset=&#8221;vc_hidden-md vc_hidden-sm vc_hidden-xs&#8221;][\/vc_column][\/vc_row][vc_row][vc_column width=&#8221;1\/4&#8243;][vc_single_image alignment=&#8221;center&#8221; css_animation=&#8221;boc_animate_when_almost_visible boc_fade-in&#8221; image=&#8221;1063&#8243;][\/vc_column][vc_column width=&#8221;1\/4&#8243;][vc_single_image alignment=&#8221;center&#8221; css_animation=&#8221;boc_animate_when_almost_visible boc_fade-in&#8221; image=&#8221;1065&#8243;][\/vc_column][vc_column width=&#8221;1\/4&#8243;][vc_single_image alignment=&#8221;center&#8221; css_animation=&#8221;boc_animate_when_almost_visible boc_fade-in&#8221; image=&#8221;1067&#8243;][\/vc_column][vc_column width=&#8221;1\/4&#8243;][vc_single_image alignment=&#8221;center&#8221; css_animation=&#8221;boc_animate_when_almost_visible boc_fade-in&#8221; image=&#8221;1069&#8243;][\/vc_column][\/vc_row][vc_row][vc_column offset=&#8221;vc_hidden-md vc_hidden-sm vc_hidden-xs&#8221;][\/vc_column][\/vc_row][vc_row][vc_column][vc_column_text css_animation=&#8221;boc_animate_when_almost_visible boc_right-to-left&#8221;] QUIN TIPUS D&#8217;ENVIAMENT NECESSITES REALITZAR? [\/vc_column_text][\/vc_column][\/vc_row][vc_row full_width=&#8221;stretch_row_content_no_spaces&#8221; gap=&#8221;20&#8243; css_animation=&#8221;fadeInUp&#8221;][vc_column width=&#8221;1\/4&#8243;][vc_single_image alignment=&#8221;center&#8221; onclick=&#8221;custom_link&#8221; image=&#8221;583&#8243; link=&#8221;\/ca\/enviament-paqueteria-nacional&#8221;][\/vc_column][vc_column width=&#8221;1\/4&#8243;][vc_single_image alignment=&#8221;center&#8221; onclick=&#8221;custom_link&#8221; image=&#8221;584&#8243; link=&#8221;\/ca\/enviament-paqueteria-internacional&#8221;][\/vc_column][vc_column width=&#8221;1\/4&#8243;][vc_single_image alignment=&#8221;center&#8221; onclick=&#8221;custom_link&#8221; image=&#8221;585&#8243; link=&#8221;\/ca\/enviament-paqueteria-nacional&#8221;][\/vc_column][vc_column width=&#8221;1\/4&#8243;][vc_single_image alignment=&#8221;center&#8221; onclick=&#8221;custom_link&#8221; image=&#8221;586&#8243; link=&#8221;\/ca\/serveis-especials&#8221;][\/vc_column][\/vc_row][vc_row full_width=&#8221;stretch_row_content_no_spaces&#8221; css_animation=&#8221;fadeInLeft&#8221;Read more","og_url":"https:\/\/avcourier.es\/ca","og_site_name":"AV COURIER Empresa de paqueter\u00eda y env\u00edos","article_modified_time":"2022-09-01T09:20:56+00:00","twitter_card":"summary_large_image","twitter_misc":{"Temps estimat de lectura":"6 minuts"},"schema":{"@context":"https:\/\/schema.org","@graph":[{"@type":"WebPage","@id":"https:\/\/avcourier.es\/ca","url":"https:\/\/avcourier.es\/ca","name":"INICI - AV COURIER Empresa de paqueter\u00eda y env\u00edos","isPartOf":{"@id":"https:\/\/avcourier.es\/#website"},"datePublished":"2022-05-17T09:59:37+00:00","dateModified":"2022-09-01T09:20:56+00:00","breadcrumb":{"@id":"https:\/\/avcourier.es\/ca#breadcrumb"},"inLanguage":"ca","potentialAction":[{"@type":"ReadAction","target":["https:\/\/avcourier.es\/ca"]}]},{"@type":"BreadcrumbList","@id":"https:\/\/avcourier.es\/ca#breadcrumb","itemListElement":[{"@type":"ListItem","position":1,"name":"Portada","item":"https:\/\/avcourier.es\/ca"},{"@type":"ListItem","position":2,"name":"INICI"}]},{"@type":"WebSite","@id":"https:\/\/avcourier.es\/#website","url":"https:\/\/avcourier.es\/","name":"AV COURIER Empresa de paqueter\u00eda y env\u00edos","description":"","potentialAction":[{"@type":"SearchAction","target":{"@type":"EntryPoint","urlTemplate":"https:\/\/avcourier.es\/?s={search_term_string}"},"query-input":{"@type":"PropertyValueSpecification","valueRequired":true,"valueName":"search_term_string"}}],"inLanguage":"ca"}]}},"_links":{"self":[{"href":"https:\/\/avcourier.es\/ca\/wp-json\/wp\/v2\/pages\/941","targetHints":{"allow":["GET"]}}],"collection":[{"href":"https:\/\/avcourier.es\/ca\/wp-json\/wp\/v2\/pages"}],"about":[{"href":"https:\/\/avcourier.es\/ca\/wp-json\/wp\/v2\/types\/page"}],"author":[{"embeddable":true,"href":"https:\/\/avcourier.es\/ca\/wp-json\/wp\/v2\/users\/1"}],"replies":[{"embeddable":true,"href":"https:\/\/avcourier.es\/ca\/wp-json\/wp\/v2\/comments?post=941"}],"version-history":[{"count":15,"href":"https:\/\/avcourier.es\/ca\/wp-json\/wp\/v2\/pages\/941\/revisions"}],"predecessor-version":[{"id":1164,"href":"https:\/\/avcourier.es\/ca\/wp-json\/wp\/v2\/pages\/941\/revisions\/1164"}],"wp:attachment":[{"href":"https:\/\/avcourier.es\/ca\/wp-json\/wp\/v2\/media?parent=941"}],"curies":[{"name":"wp","href":"https:\/\/api.w.org\/{rel}","templated":true}]}}