{"id":932,"date":"2022-05-31T09:35:33","date_gmt":"2022-05-31T09:35:33","guid":{"rendered":"https:\/\/anoiavallescourier.es\/ecommerce\/web-interactica-resolucio-dincidencies"},"modified":"2022-08-29T11:16:45","modified_gmt":"2022-08-29T11:16:45","slug":"web-interactica-resolucio-dincidencies","status":"publish","type":"page","link":"https:\/\/avcourier.es\/ca\/ecommerce\/web-interactica-resolucio-dincidencies","title":{"rendered":"WEB INTERACTICA \/ RESOLUCI\u00d3 D&#8217;INCID\u00c8NCIES"},"content":{"rendered":"<div class=\"wpb-content-wrapper\">[vc_row full_width=&#8221;stretch_row_content_no_spaces&#8221;][vc_column css=&#8221;.vc_custom_1660642023491{background-image: url(\/wp-content\/uploads\/2022\/08\/FOTOS-WEB-3.jpg?id=757) !important;background-position: center !important;background-repeat: no-repeat !important;background-size: cover !important;}&#8221; offset=&#8221;vc_hidden-md vc_hidden-sm vc_hidden-xs&#8221;]<div class=\"boc_spacing \" style=\"height: 60px\"><\/div>[vc_column_text css=&#8221;.vc_custom_1652870360136{margin-left: 100px !important;}&#8221;]\n<h1 style=\"text-align: left;\"><span style=\"font-weight: bolder; color: white; font-size: 35px;\">WEB INTERACTICA \/ RESOLUCI\u00d3 D&#8217;INCID\u00c8NCIES<\/span><\/h1>\n[\/vc_column_text]<div class=\"boc_spacing \" style=\"height: 20px\"><\/div>[\/vc_column][\/vc_row][vc_row full_width=&#8221;stretch_row_content_no_spaces&#8221; css=&#8221;.vc_custom_1652946877765{margin-top: -35px !important;}&#8221;][vc_column css=&#8221;.vc_custom_1660642028635{background-image: url(\/wp-content\/uploads\/2022\/08\/FOTOS-WEB-3.jpg?id=757) !important;background-position: center !important;background-repeat: no-repeat !important;background-size: cover !important;}&#8221; offset=&#8221;vc_hidden-lg&#8221;]<div class=\"boc_spacing \" style=\"height: 60px\"><\/div>[vc_column_text]\n<h1 style=\"text-align: center;\"><span style=\"font-weight: bolder; color: white; font-size: 35px;\">WEB INTERACTICA \/ RESOLUCI\u00d3 D&#8217;INCID\u00c8NCIES<\/span><\/h1>\n[\/vc_column_text]<div class=\"boc_spacing \" style=\"height: 20px\"><\/div>[\/vc_column][\/vc_row][vc_row gap=&#8221;35&#8243;][vc_column width=&#8221;1\/2&#8243; css=&#8221;.vc_custom_1653391535197{padding-top: 25px !important;padding-right: 25px !important;padding-bottom: 25px !important;padding-left: 25px !important;background-color: #dddddd !important;border-radius: 10px !important;}&#8221;][vc_column_text]\n<h2><strong><span style=\"color: #58b2ae; font-weight: bold;\">Descobreix el nostre sistema per a con\u00e8ixer l&#8217;estat dels nostres enviaments<\/span><\/strong><\/h2>\n<p>Disposem de totes les eines necess\u00e0ries per a ajudar-te a localitzar els teus enviaments:[\/vc_column_text][vc_column_text css=&#8221;.vc_custom_1660117156067{padding-top: 25px !important;padding-right: 25px !important;padding-bottom: 25px !important;padding-left: 25px !important;background-color: #ffffff !important;border-radius: 5px !important;}&#8221;]Els lliuraments en particulars, les vendes per internet i especialment l&#8217;e-commerce, ha provocat increments molt importants en el transport urgent, la forma m\u00e9s eficient de gestionar aquests increments \u00e9s amb la millor tecnologia, per aquesta ra\u00f3 des de la nostra xarxa hem dissenyat una web interactiva que permet interlocutar amb el missatger per a realitzar el lliurament amb \u00e8xit.<\/p>\n<p>Des d&#8217;aquesta web podem con\u00e8ixer l&#8217;estat de la nostra expedici\u00f3 i les incid\u00e8ncies en el transport si n&#8217;hi ha hagut, aix\u00ed com les dades de qui ha recepcionat la nostra expedici\u00f3. En cas d&#8217;incid\u00e8ncia podr\u00e0 donar directrius per a recollir en la nostra ag\u00e8ncia, derivar a un punt de conveni\u00e8ncia, detallar un lliurament alternatiu o concretar un horari de lliurament que ens permeti ser els m\u00e9s eficients, aix\u00ed com aconseguir la satisfacci\u00f3 del destinatari.<\/p>\n<p>Tota la informaci\u00f3 facilitada pel destinatari es transmet i rep en l\u00ednia els nostres missatgers en l&#8217;APP o PDA, per a poder reaccionar immediatament a les instruccions dels destinataris.<\/p>\n[\/vc_column_text][\/vc_column][vc_column width=&#8221;1\/2&#8243;][vc_column_text]\n<h3><span style=\"font-weight: bolder; font-size: 25px;\">Contacta&#8217;ns per a m\u00e9s informaci\u00f3<\/span><\/h3>\n[\/vc_column_text]\n<div class=\"wpcf7 no-js\" id=\"wpcf7-f1076-o1\" lang=\"es-ES\" dir=\"ltr\" data-wpcf7-id=\"1076\">\n<div class=\"screen-reader-response\"><p role=\"status\" aria-live=\"polite\" aria-atomic=\"true\"><\/p> <ul><\/ul><\/div>\n<form action=\"\/ca\/wp-json\/wp\/v2\/pages\/932#wpcf7-f1076-o1\" method=\"post\" class=\"wpcf7-form init\" aria-label=\"Formulario de contacto\" novalidate=\"novalidate\" data-status=\"init\">\n<div style=\"display: none;\">\n<input type=\"hidden\" name=\"_wpcf7\" value=\"1076\" \/>\n<input type=\"hidden\" name=\"_wpcf7_version\" value=\"6.0.6\" \/>\n<input type=\"hidden\" name=\"_wpcf7_locale\" value=\"es_ES\" \/>\n<input type=\"hidden\" name=\"_wpcf7_unit_tag\" value=\"wpcf7-f1076-o1\" \/>\n<input type=\"hidden\" name=\"_wpcf7_container_post\" value=\"0\" \/>\n<input type=\"hidden\" name=\"_wpcf7_posted_data_hash\" value=\"\" \/>\n<input type=\"hidden\" name=\"_wpcf7_recaptcha_response\" value=\"\" \/>\n<\/div>\n<p><label><span class=\"wpcf7-form-control-wrap\" data-name=\"your-name\"><input size=\"40\" maxlength=\"400\" class=\"wpcf7-form-control wpcf7-text wpcf7-validates-as-required\" aria-required=\"true\" aria-invalid=\"false\" placeholder=\"Nom\" value=\"\" type=\"text\" name=\"your-name\" \/><\/span><\/label>\n<\/p>\n<p><label><span class=\"wpcf7-form-control-wrap\" data-name=\"your-surname\"><input size=\"40\" maxlength=\"400\" class=\"wpcf7-form-control wpcf7-text wpcf7-validates-as-required\" aria-required=\"true\" aria-invalid=\"false\" placeholder=\"Cognoms\" value=\"\" type=\"text\" name=\"your-surname\" \/><\/span><\/label>\n<\/p>\n<p><label><span class=\"wpcf7-form-control-wrap\" data-name=\"your-email\"><input size=\"40\" maxlength=\"400\" class=\"wpcf7-form-control wpcf7-text wpcf7-validates-as-required\" aria-required=\"true\" aria-invalid=\"false\" placeholder=\"Email\" value=\"\" type=\"text\" name=\"your-email\" \/><\/span><\/label>\n<\/p>\n<p><label><span class=\"wpcf7-form-control-wrap\" data-name=\"your-phone\"><input size=\"40\" maxlength=\"400\" class=\"wpcf7-form-control wpcf7-text wpcf7-validates-as-required\" aria-required=\"true\" aria-invalid=\"false\" placeholder=\"Tel\u00e8fon\" value=\"\" type=\"text\" name=\"your-phone\" \/><\/span><\/label>\n<\/p>\n<p><label><span class=\"wpcf7-form-control-wrap\" data-name=\"your-message\"><textarea cols=\"40\" rows=\"1\" maxlength=\"2000\" class=\"wpcf7-form-control wpcf7-textarea\" aria-invalid=\"false\" placeholder=\"Missatge\" name=\"your-message\"><\/textarea><\/span><\/label>\n<\/p>\n<p><span class=\"wpcf7-form-control-wrap\" data-name=\"Enviodedatos\"><span class=\"wpcf7-form-control wpcf7-acceptance\"><span class=\"wpcf7-list-item\"><label><input type=\"checkbox\" name=\"Enviodedatos\" value=\"1\" aria-invalid=\"false\" \/><span class=\"wpcf7-list-item-label\">Acceptes l'enviament de dades?<\/span><\/label><\/span><\/span><\/span>\n<\/p>\n<p><span class=\"wpcf7-form-control-wrap\" data-name=\"Enviodedatos\"><span class=\"wpcf7-form-control wpcf7-acceptance\"><span class=\"wpcf7-list-item\"><label><input type=\"checkbox\" name=\"Enviodedatos\" value=\"1\" aria-invalid=\"false\" \/><span class=\"wpcf7-list-item-label\">Acceptes la <a href=\"\/aviso-legal\"><strong>pol\u00edtica de privacitat<\/strong><\/a>?<\/span><\/label><\/span><\/span><\/span>\n<\/p>\n<span class=\"wpcf7-form-control-wrap recaptcha\" data-name=\"recaptcha\"><span data-sitekey=\"6LecbPwfAAAAAJpj4oJx6dHb573MPRLixdVZqcfN\" class=\"wpcf7-form-control wpcf7-recaptcha g-recaptcha\"><\/span>\r\n<noscript>\r\n\t<div class=\"grecaptcha-noscript\">\r\n\t\t<iframe loading=\"lazy\" src=\"https:\/\/www.google.com\/recaptcha\/api\/fallback?k=6LecbPwfAAAAAJpj4oJx6dHb573MPRLixdVZqcfN\" frameborder=\"0\" scrolling=\"no\" width=\"310\" height=\"430\">\r\n\t\t<\/iframe>\r\n\t\t<textarea name=\"g-recaptcha-response\" rows=\"3\" cols=\"40\" placeholder=\"Aqu\u00ed la respuesta de reCAPTCHA\">\r\n\t\t<\/textarea>\r\n\t<\/div>\r\n<\/noscript>\r\n<\/span>\n<p><input class=\"wpcf7-form-control wpcf7-submit has-spinner\" type=\"submit\" value=\"Enviar\" \/>\n<\/p><div class=\"wpcf7-response-output\" aria-hidden=\"true\"><\/div>\n<\/form>\n<\/div>\n[\/vc_column][\/vc_row][vc_row][vc_column]<div class=\"boc_spacing \" style=\"height: 20px\"><\/div>[\/vc_column][\/vc_row]\n<\/div>","protected":false},"excerpt":{"rendered":"<p>[vc_row full_width=&#8221;stretch_row_content_no_spaces&#8221;][vc_column css=&#8221;.vc_custom_1660642023491{background-image: url(\/wp-content\/uploads\/2022\/08\/FOTOS-WEB-3.jpg?id=757) !important;background-position: center !important;background-repeat: no-repeat !important;background-size: cover !important;}&#8221; offset=&#8221;vc_hidden-md vc_hidden-sm vc_hidden-xs&#8221;][vc_column_text css=&#8221;.vc_custom_1652870360136{margin-left: 100px !important;}&#8221;] WEB INTERACTICA \/ RESOLUCI\u00d3 D&#8217;INCID\u00c8NCIES [\/vc_column_text][\/vc_column][\/vc_row][vc_row full_width=&#8221;stretch_row_content_no_spaces&#8221; css=&#8221;.vc_custom_1652946877765{margin-top: -35px !important;}&#8221;][vc_column css=&#8221;.vc_custom_1660642028635{background-image: url(\/wp-content\/uploads\/2022\/08\/FOTOS-WEB-3.jpg?id=757) !important;background-position: center !important;background-repeat: no-repeat !important;background-size: cover !important;}&#8221; offset=&#8221;vc_hidden-lg&#8221;][vc_column_text] WEB INTERACTICA \/ RESOLUCI\u00d3 D&#8217;INCID\u00c8NCIES [\/vc_column_text][\/vc_column][\/vc_row][vc_row gap=&#8221;35&#8243;][vc_column width=&#8221;1\/2&#8243; css=&#8221;.vc_custom_1653391535197{padding-top: 25px !important;padding-right: 25px !important;padding-bottom: 25px !important;padding-left: 25px !important;background-color: #dddddd !important;border-radius: 10px !important;}&#8221;][vc_column_text] Descobreix el<\/p>\n<div class=\"h10\"><\/div>\n<p><a class=\"more-link1\" href=\"https:\/\/avcourier.es\/ca\/ecommerce\/web-interactica-resolucio-dincidencies\">Read more<\/a><\/p>\n","protected":false},"author":1,"featured_media":0,"parent":920,"menu_order":0,"comment_status":"closed","ping_status":"closed","template":"","meta":{"footnotes":""},"class_list":["post-932","page","type-page","status-publish","hentry"],"yoast_head":"<!-- This site is optimized with the Yoast SEO plugin v26.9 - https:\/\/yoast.com\/product\/yoast-seo-wordpress\/ -->\n<title>WEB INTERACTICA \/ RESOLUCI\u00d3 D&#039;INCID\u00c8NCIES - AV COURIER Empresa de paqueter\u00eda y env\u00edos<\/title>\n<meta name=\"robots\" content=\"index, follow, max-snippet:-1, max-image-preview:large, max-video-preview:-1\" \/>\n<link rel=\"canonical\" href=\"https:\/\/avcourier.es\/ecommerce\/web-interactiva-resolucion-de-incidencias\" \/>\n<meta property=\"og:locale\" content=\"ca_ES\" \/>\n<meta property=\"og:type\" content=\"article\" \/>\n<meta property=\"og:title\" content=\"WEB INTERACTICA \/ RESOLUCI\u00d3 D&#039;INCID\u00c8NCIES - AV COURIER Empresa de paqueter\u00eda y env\u00edos\" \/>\n<meta property=\"og:description\" content=\"[vc_row full_width=&#8221;stretch_row_content_no_spaces&#8221;][vc_column css=&#8221;.vc_custom_1660642023491{background-image: url(\/wp-content\/uploads\/2022\/08\/FOTOS-WEB-3.jpg?id=757) !important;background-position: center !important;background-repeat: no-repeat !important;background-size: cover !important;}&#8221; offset=&#8221;vc_hidden-md vc_hidden-sm vc_hidden-xs&#8221;][vc_column_text css=&#8221;.vc_custom_1652870360136{margin-left: 100px !important;}&#8221;] WEB INTERACTICA \/ RESOLUCI\u00d3 D&#8217;INCID\u00c8NCIES [\/vc_column_text][\/vc_column][\/vc_row][vc_row full_width=&#8221;stretch_row_content_no_spaces&#8221; css=&#8221;.vc_custom_1652946877765{margin-top: -35px !important;}&#8221;][vc_column css=&#8221;.vc_custom_1660642028635{background-image: url(\/wp-content\/uploads\/2022\/08\/FOTOS-WEB-3.jpg?id=757) !important;background-position: center !important;background-repeat: no-repeat !important;background-size: cover !important;}&#8221; offset=&#8221;vc_hidden-lg&#8221;][vc_column_text] WEB INTERACTICA \/ RESOLUCI\u00d3 D&#8217;INCID\u00c8NCIES [\/vc_column_text][\/vc_column][\/vc_row][vc_row gap=&#8221;35&#8243;][vc_column width=&#8221;1\/2&#8243; css=&#8221;.vc_custom_1653391535197{padding-top: 25px !important;padding-right: 25px !important;padding-bottom: 25px !important;padding-left: 25px !important;background-color: #dddddd !important;border-radius: 10px !important;}&#8221;][vc_column_text] Descobreix elRead more\" \/>\n<meta property=\"og:url\" content=\"https:\/\/avcourier.es\/ecommerce\/web-interactiva-resolucion-de-incidencias\" \/>\n<meta property=\"og:site_name\" content=\"AV COURIER Empresa de paqueter\u00eda y env\u00edos\" \/>\n<meta property=\"article:modified_time\" content=\"2022-08-29T11:16:45+00:00\" \/>\n<meta name=\"twitter:card\" content=\"summary_large_image\" \/>\n<meta name=\"twitter:label1\" content=\"Temps estimat de lectura\" \/>\n\t<meta name=\"twitter:data1\" content=\"2 minuts\" \/>\n<script type=\"application\/ld+json\" class=\"yoast-schema-graph\">{\"@context\":\"https:\/\/schema.org\",\"@graph\":[{\"@type\":\"WebPage\",\"@id\":\"https:\/\/avcourier.es\/ecommerce\/web-interactiva-resolucion-de-incidencias\",\"url\":\"https:\/\/avcourier.es\/ecommerce\/web-interactiva-resolucion-de-incidencias\",\"name\":\"WEB INTERACTICA \/ RESOLUCI\u00d3 D'INCID\u00c8NCIES - AV COURIER Empresa de paqueter\u00eda y env\u00edos\",\"isPartOf\":{\"@id\":\"https:\/\/avcourier.es\/#website\"},\"datePublished\":\"2022-05-31T09:35:33+00:00\",\"dateModified\":\"2022-08-29T11:16:45+00:00\",\"breadcrumb\":{\"@id\":\"https:\/\/avcourier.es\/ecommerce\/web-interactiva-resolucion-de-incidencias#breadcrumb\"},\"inLanguage\":\"ca\",\"potentialAction\":[{\"@type\":\"ReadAction\",\"target\":[\"https:\/\/avcourier.es\/ecommerce\/web-interactiva-resolucion-de-incidencias\"]}]},{\"@type\":\"BreadcrumbList\",\"@id\":\"https:\/\/avcourier.es\/ecommerce\/web-interactiva-resolucion-de-incidencias#breadcrumb\",\"itemListElement\":[{\"@type\":\"ListItem\",\"position\":1,\"name\":\"Portada\",\"item\":\"https:\/\/avcourier.es\/ca\"},{\"@type\":\"ListItem\",\"position\":2,\"name\":\"ECOMMERCE\",\"item\":\"https:\/\/avcourier.es\/ecommerce\"},{\"@type\":\"ListItem\",\"position\":3,\"name\":\"WEB INTERACTICA \/ RESOLUCI\u00d3 D&#8217;INCID\u00c8NCIES\"}]},{\"@type\":\"WebSite\",\"@id\":\"https:\/\/avcourier.es\/#website\",\"url\":\"https:\/\/avcourier.es\/\",\"name\":\"AV COURIER Empresa de paqueter\u00eda y env\u00edos\",\"description\":\"\",\"potentialAction\":[{\"@type\":\"SearchAction\",\"target\":{\"@type\":\"EntryPoint\",\"urlTemplate\":\"https:\/\/avcourier.es\/?s={search_term_string}\"},\"query-input\":{\"@type\":\"PropertyValueSpecification\",\"valueRequired\":true,\"valueName\":\"search_term_string\"}}],\"inLanguage\":\"ca\"}]}<\/script>\n<!-- \/ Yoast SEO plugin. -->","yoast_head_json":{"title":"WEB INTERACTICA \/ RESOLUCI\u00d3 D'INCID\u00c8NCIES - AV COURIER Empresa de paqueter\u00eda y env\u00edos","robots":{"index":"index","follow":"follow","max-snippet":"max-snippet:-1","max-image-preview":"max-image-preview:large","max-video-preview":"max-video-preview:-1"},"canonical":"https:\/\/avcourier.es\/ecommerce\/web-interactiva-resolucion-de-incidencias","og_locale":"ca_ES","og_type":"article","og_title":"WEB INTERACTICA \/ RESOLUCI\u00d3 D'INCID\u00c8NCIES - AV COURIER Empresa de paqueter\u00eda y env\u00edos","og_description":"[vc_row full_width=&#8221;stretch_row_content_no_spaces&#8221;][vc_column css=&#8221;.vc_custom_1660642023491{background-image: url(\/wp-content\/uploads\/2022\/08\/FOTOS-WEB-3.jpg?id=757) !important;background-position: center !important;background-repeat: no-repeat !important;background-size: cover !important;}&#8221; offset=&#8221;vc_hidden-md vc_hidden-sm vc_hidden-xs&#8221;][vc_column_text css=&#8221;.vc_custom_1652870360136{margin-left: 100px !important;}&#8221;] WEB INTERACTICA \/ RESOLUCI\u00d3 D&#8217;INCID\u00c8NCIES [\/vc_column_text][\/vc_column][\/vc_row][vc_row full_width=&#8221;stretch_row_content_no_spaces&#8221; css=&#8221;.vc_custom_1652946877765{margin-top: -35px !important;}&#8221;][vc_column css=&#8221;.vc_custom_1660642028635{background-image: url(\/wp-content\/uploads\/2022\/08\/FOTOS-WEB-3.jpg?id=757) !important;background-position: center !important;background-repeat: no-repeat !important;background-size: cover !important;}&#8221; offset=&#8221;vc_hidden-lg&#8221;][vc_column_text] WEB INTERACTICA \/ RESOLUCI\u00d3 D&#8217;INCID\u00c8NCIES [\/vc_column_text][\/vc_column][\/vc_row][vc_row gap=&#8221;35&#8243;][vc_column width=&#8221;1\/2&#8243; css=&#8221;.vc_custom_1653391535197{padding-top: 25px !important;padding-right: 25px !important;padding-bottom: 25px !important;padding-left: 25px !important;background-color: #dddddd !important;border-radius: 10px !important;}&#8221;][vc_column_text] Descobreix elRead more","og_url":"https:\/\/avcourier.es\/ecommerce\/web-interactiva-resolucion-de-incidencias","og_site_name":"AV COURIER Empresa de paqueter\u00eda y env\u00edos","article_modified_time":"2022-08-29T11:16:45+00:00","twitter_card":"summary_large_image","twitter_misc":{"Temps estimat de lectura":"2 minuts"},"schema":{"@context":"https:\/\/schema.org","@graph":[{"@type":"WebPage","@id":"https:\/\/avcourier.es\/ecommerce\/web-interactiva-resolucion-de-incidencias","url":"https:\/\/avcourier.es\/ecommerce\/web-interactiva-resolucion-de-incidencias","name":"WEB INTERACTICA \/ RESOLUCI\u00d3 D'INCID\u00c8NCIES - AV COURIER Empresa de paqueter\u00eda y env\u00edos","isPartOf":{"@id":"https:\/\/avcourier.es\/#website"},"datePublished":"2022-05-31T09:35:33+00:00","dateModified":"2022-08-29T11:16:45+00:00","breadcrumb":{"@id":"https:\/\/avcourier.es\/ecommerce\/web-interactiva-resolucion-de-incidencias#breadcrumb"},"inLanguage":"ca","potentialAction":[{"@type":"ReadAction","target":["https:\/\/avcourier.es\/ecommerce\/web-interactiva-resolucion-de-incidencias"]}]},{"@type":"BreadcrumbList","@id":"https:\/\/avcourier.es\/ecommerce\/web-interactiva-resolucion-de-incidencias#breadcrumb","itemListElement":[{"@type":"ListItem","position":1,"name":"Portada","item":"https:\/\/avcourier.es\/ca"},{"@type":"ListItem","position":2,"name":"ECOMMERCE","item":"https:\/\/avcourier.es\/ecommerce"},{"@type":"ListItem","position":3,"name":"WEB INTERACTICA \/ RESOLUCI\u00d3 D&#8217;INCID\u00c8NCIES"}]},{"@type":"WebSite","@id":"https:\/\/avcourier.es\/#website","url":"https:\/\/avcourier.es\/","name":"AV COURIER Empresa de paqueter\u00eda y env\u00edos","description":"","potentialAction":[{"@type":"SearchAction","target":{"@type":"EntryPoint","urlTemplate":"https:\/\/avcourier.es\/?s={search_term_string}"},"query-input":{"@type":"PropertyValueSpecification","valueRequired":true,"valueName":"search_term_string"}}],"inLanguage":"ca"}]}},"_links":{"self":[{"href":"https:\/\/avcourier.es\/ca\/wp-json\/wp\/v2\/pages\/932","targetHints":{"allow":["GET"]}}],"collection":[{"href":"https:\/\/avcourier.es\/ca\/wp-json\/wp\/v2\/pages"}],"about":[{"href":"https:\/\/avcourier.es\/ca\/wp-json\/wp\/v2\/types\/page"}],"author":[{"embeddable":true,"href":"https:\/\/avcourier.es\/ca\/wp-json\/wp\/v2\/users\/1"}],"replies":[{"embeddable":true,"href":"https:\/\/avcourier.es\/ca\/wp-json\/wp\/v2\/comments?post=932"}],"version-history":[{"count":4,"href":"https:\/\/avcourier.es\/ca\/wp-json\/wp\/v2\/pages\/932\/revisions"}],"predecessor-version":[{"id":1098,"href":"https:\/\/avcourier.es\/ca\/wp-json\/wp\/v2\/pages\/932\/revisions\/1098"}],"up":[{"embeddable":true,"href":"https:\/\/avcourier.es\/ca\/wp-json\/wp\/v2\/pages\/920"}],"wp:attachment":[{"href":"https:\/\/avcourier.es\/ca\/wp-json\/wp\/v2\/media?parent=932"}],"curies":[{"name":"wp","href":"https:\/\/api.w.org\/{rel}","templated":true}]}}