{"id":929,"date":"2022-05-31T09:21:02","date_gmt":"2022-05-31T09:21:02","guid":{"rendered":"https:\/\/anoiavallescourier.es\/ecommerce\/geolocalitzacio-denviaments-i-missatgers"},"modified":"2022-08-29T11:16:29","modified_gmt":"2022-08-29T11:16:29","slug":"geolocalitzacio-denviaments-i-missatgers","status":"publish","type":"page","link":"https:\/\/avcourier.es\/ca\/ecommerce\/geolocalitzacio-denviaments-i-missatgers","title":{"rendered":"GEOLOCALITZACI\u00d3 D&#8217;ENVIAMENTS I MISSATGERS"},"content":{"rendered":"<div class=\"wpb-content-wrapper\">[vc_row full_width=&#8221;stretch_row_content_no_spaces&#8221;][vc_column css=&#8221;.vc_custom_1660641999982{background-image: url(\/wp-content\/uploads\/2022\/08\/FOTOS-WEB-3.jpg?id=757) !important;background-position: center !important;background-repeat: no-repeat !important;background-size: cover !important;}&#8221; offset=&#8221;vc_hidden-md vc_hidden-sm vc_hidden-xs&#8221;]<div class=\"boc_spacing \" style=\"height: 60px\"><\/div>[vc_column_text css=&#8221;.vc_custom_1652870360136{margin-left: 100px !important;}&#8221;]\n<h1 style=\"text-align: left;\"><span style=\"font-weight: bolder; color: white; font-size: 35px;\">GEOLOCALITZACI\u00d3 D&#8217;ENVIAMENTS I MISSATGERS<\/span><\/h1>\n[\/vc_column_text]<div class=\"boc_spacing \" style=\"height: 20px\"><\/div>[\/vc_column][\/vc_row][vc_row full_width=&#8221;stretch_row_content_no_spaces&#8221; css=&#8221;.vc_custom_1652946877765{margin-top: -35px !important;}&#8221;][vc_column css=&#8221;.vc_custom_1660642005603{background-image: url(\/wp-content\/uploads\/2022\/08\/FOTOS-WEB-3.jpg?id=757) !important;background-position: center !important;background-repeat: no-repeat !important;background-size: cover !important;}&#8221; offset=&#8221;vc_hidden-lg&#8221;]<div class=\"boc_spacing \" style=\"height: 60px\"><\/div>[vc_column_text]\n<h1 style=\"text-align: center;\"><span style=\"font-weight: bolder; color: white; font-size: 35px;\">GEOLOCALITZACI\u00d3 D&#8217;ENVIAMENTS I MISSATGERS<\/span><\/h1>\n[\/vc_column_text]<div class=\"boc_spacing \" style=\"height: 20px\"><\/div>[\/vc_column][\/vc_row][vc_row gap=&#8221;35&#8243;][vc_column width=&#8221;1\/2&#8243; css=&#8221;.vc_custom_1653391535197{padding-top: 25px !important;padding-right: 25px !important;padding-bottom: 25px !important;padding-left: 25px !important;background-color: #dddddd !important;border-radius: 10px !important;}&#8221;][vc_column_text]\n<h2><strong><span style=\"color: #58b2ae; font-weight: bold;\">Descobreix el nostre sistema de geolocalitzaci\u00f3 d&#8217;enviaments i missatgers<\/span><\/strong><\/h2>\n<p>Disposem de totes les eines necess\u00e0ries per a ajudar-te a localitzar els teus enviaments:[\/vc_column_text][vc_column_text css=&#8221;.vc_custom_1660117127253{padding-top: 25px !important;padding-right: 25px !important;padding-bottom: 25px !important;padding-left: 25px !important;background-color: #ffffff !important;border-radius: 5px !important;}&#8221;]El nostre avan\u00e7at desenvolupament tecnol\u00f2gic permet la geolocalitzaci\u00f3 dels nostres missatgers i garantir la pres\u00e8ncia en els domicilis en cas d&#8217;abs\u00e8ncia en els lliuraments en particulars.<\/p>\n<p>D&#8217;aquesta manera, podem gestionar adequadament la ruta dels nostres missatgers, al mateix temps que disposar d&#8217;un criteri objectiu per a mesurar la pres\u00e8ncia, els horaris de lliurament, aix\u00ed com la previsi\u00f3 adequada dels lliuraments i la interlocuci\u00f3 autom\u00e0tica amb el destinatari en remetre un missatge push en la proximitat al domicili.<\/p>\n<p>La geolocalitzaci\u00f3 permet obtenir a temps real les coordenades de posicionament del nostre missatger i dels enviaments dels nostres clients, l&#8217;equip PDA o Tel\u00e8fon intel\u2022ligent amb APP tamb\u00e9 ens permet comunicar telef\u00f2nicament amb els nostres repartidors, aix\u00ed com gestionar la transmissi\u00f3 de serveis, recollides, justificants de recepci\u00f3 i imatges de lliurament.[\/vc_column_text][\/vc_column][vc_column width=&#8221;1\/2&#8243;][vc_column_text]\n<h3><span style=\"font-weight: bolder; font-size: 25px;\">Contacta&#8217;ns per a m\u00e9s informaci\u00f3<\/span><\/h3>\n[\/vc_column_text]\n<div class=\"wpcf7 no-js\" id=\"wpcf7-f1076-o1\" lang=\"es-ES\" dir=\"ltr\" data-wpcf7-id=\"1076\">\n<div class=\"screen-reader-response\"><p role=\"status\" aria-live=\"polite\" aria-atomic=\"true\"><\/p> <ul><\/ul><\/div>\n<form action=\"\/ca\/wp-json\/wp\/v2\/pages\/929#wpcf7-f1076-o1\" method=\"post\" class=\"wpcf7-form init\" aria-label=\"Formulario de contacto\" novalidate=\"novalidate\" data-status=\"init\">\n<div style=\"display: none;\">\n<input type=\"hidden\" name=\"_wpcf7\" value=\"1076\" \/>\n<input type=\"hidden\" name=\"_wpcf7_version\" value=\"6.0.6\" \/>\n<input type=\"hidden\" name=\"_wpcf7_locale\" value=\"es_ES\" \/>\n<input type=\"hidden\" name=\"_wpcf7_unit_tag\" value=\"wpcf7-f1076-o1\" \/>\n<input type=\"hidden\" name=\"_wpcf7_container_post\" value=\"0\" \/>\n<input type=\"hidden\" name=\"_wpcf7_posted_data_hash\" value=\"\" \/>\n<input type=\"hidden\" name=\"_wpcf7_recaptcha_response\" value=\"\" \/>\n<\/div>\n<p><label><span class=\"wpcf7-form-control-wrap\" data-name=\"your-name\"><input size=\"40\" maxlength=\"400\" class=\"wpcf7-form-control wpcf7-text wpcf7-validates-as-required\" aria-required=\"true\" aria-invalid=\"false\" placeholder=\"Nom\" value=\"\" type=\"text\" name=\"your-name\" \/><\/span><\/label>\n<\/p>\n<p><label><span class=\"wpcf7-form-control-wrap\" data-name=\"your-surname\"><input size=\"40\" maxlength=\"400\" class=\"wpcf7-form-control wpcf7-text wpcf7-validates-as-required\" aria-required=\"true\" aria-invalid=\"false\" placeholder=\"Cognoms\" value=\"\" type=\"text\" name=\"your-surname\" \/><\/span><\/label>\n<\/p>\n<p><label><span class=\"wpcf7-form-control-wrap\" data-name=\"your-email\"><input size=\"40\" maxlength=\"400\" class=\"wpcf7-form-control wpcf7-text wpcf7-validates-as-required\" aria-required=\"true\" aria-invalid=\"false\" placeholder=\"Email\" value=\"\" type=\"text\" name=\"your-email\" \/><\/span><\/label>\n<\/p>\n<p><label><span class=\"wpcf7-form-control-wrap\" data-name=\"your-phone\"><input size=\"40\" maxlength=\"400\" class=\"wpcf7-form-control wpcf7-text wpcf7-validates-as-required\" aria-required=\"true\" aria-invalid=\"false\" placeholder=\"Tel\u00e8fon\" value=\"\" type=\"text\" name=\"your-phone\" \/><\/span><\/label>\n<\/p>\n<p><label><span class=\"wpcf7-form-control-wrap\" data-name=\"your-message\"><textarea cols=\"40\" rows=\"1\" maxlength=\"2000\" class=\"wpcf7-form-control wpcf7-textarea\" aria-invalid=\"false\" placeholder=\"Missatge\" name=\"your-message\"><\/textarea><\/span><\/label>\n<\/p>\n<p><span class=\"wpcf7-form-control-wrap\" data-name=\"Enviodedatos\"><span class=\"wpcf7-form-control wpcf7-acceptance\"><span class=\"wpcf7-list-item\"><label><input type=\"checkbox\" name=\"Enviodedatos\" value=\"1\" aria-invalid=\"false\" \/><span class=\"wpcf7-list-item-label\">Acceptes l'enviament de dades?<\/span><\/label><\/span><\/span><\/span>\n<\/p>\n<p><span class=\"wpcf7-form-control-wrap\" data-name=\"Enviodedatos\"><span class=\"wpcf7-form-control wpcf7-acceptance\"><span class=\"wpcf7-list-item\"><label><input type=\"checkbox\" name=\"Enviodedatos\" value=\"1\" aria-invalid=\"false\" \/><span class=\"wpcf7-list-item-label\">Acceptes la <a href=\"\/aviso-legal\"><strong>pol\u00edtica de privacitat<\/strong><\/a>?<\/span><\/label><\/span><\/span><\/span>\n<\/p>\n<span class=\"wpcf7-form-control-wrap recaptcha\" data-name=\"recaptcha\"><span data-sitekey=\"6LecbPwfAAAAAJpj4oJx6dHb573MPRLixdVZqcfN\" class=\"wpcf7-form-control wpcf7-recaptcha g-recaptcha\"><\/span>\r\n<noscript>\r\n\t<div class=\"grecaptcha-noscript\">\r\n\t\t<iframe loading=\"lazy\" src=\"https:\/\/www.google.com\/recaptcha\/api\/fallback?k=6LecbPwfAAAAAJpj4oJx6dHb573MPRLixdVZqcfN\" frameborder=\"0\" scrolling=\"no\" width=\"310\" height=\"430\">\r\n\t\t<\/iframe>\r\n\t\t<textarea name=\"g-recaptcha-response\" rows=\"3\" cols=\"40\" placeholder=\"Aqu\u00ed la respuesta de reCAPTCHA\">\r\n\t\t<\/textarea>\r\n\t<\/div>\r\n<\/noscript>\r\n<\/span>\n<p><input class=\"wpcf7-form-control wpcf7-submit has-spinner\" type=\"submit\" value=\"Enviar\" \/>\n<\/p><div class=\"wpcf7-response-output\" aria-hidden=\"true\"><\/div>\n<\/form>\n<\/div>\n[\/vc_column][\/vc_row][vc_row][vc_column]<div class=\"boc_spacing \" style=\"height: 20px\"><\/div>[\/vc_column][\/vc_row]\n<\/div>","protected":false},"excerpt":{"rendered":"<p>[vc_row full_width=&#8221;stretch_row_content_no_spaces&#8221;][vc_column css=&#8221;.vc_custom_1660641999982{background-image: url(\/wp-content\/uploads\/2022\/08\/FOTOS-WEB-3.jpg?id=757) !important;background-position: center !important;background-repeat: no-repeat !important;background-size: cover !important;}&#8221; offset=&#8221;vc_hidden-md vc_hidden-sm vc_hidden-xs&#8221;][vc_column_text css=&#8221;.vc_custom_1652870360136{margin-left: 100px !important;}&#8221;] GEOLOCALITZACI\u00d3 D&#8217;ENVIAMENTS I MISSATGERS [\/vc_column_text][\/vc_column][\/vc_row][vc_row full_width=&#8221;stretch_row_content_no_spaces&#8221; css=&#8221;.vc_custom_1652946877765{margin-top: -35px !important;}&#8221;][vc_column css=&#8221;.vc_custom_1660642005603{background-image: url(\/wp-content\/uploads\/2022\/08\/FOTOS-WEB-3.jpg?id=757) !important;background-position: center !important;background-repeat: no-repeat !important;background-size: cover !important;}&#8221; offset=&#8221;vc_hidden-lg&#8221;][vc_column_text] GEOLOCALITZACI\u00d3 D&#8217;ENVIAMENTS I MISSATGERS [\/vc_column_text][\/vc_column][\/vc_row][vc_row gap=&#8221;35&#8243;][vc_column width=&#8221;1\/2&#8243; css=&#8221;.vc_custom_1653391535197{padding-top: 25px !important;padding-right: 25px !important;padding-bottom: 25px !important;padding-left: 25px !important;background-color: #dddddd !important;border-radius: 10px !important;}&#8221;][vc_column_text] Descobreix el nostre sistema<\/p>\n<div class=\"h10\"><\/div>\n<p><a class=\"more-link1\" href=\"https:\/\/avcourier.es\/ca\/ecommerce\/geolocalitzacio-denviaments-i-missatgers\">Read more<\/a><\/p>\n","protected":false},"author":1,"featured_media":0,"parent":920,"menu_order":0,"comment_status":"closed","ping_status":"closed","template":"","meta":{"footnotes":""},"class_list":["post-929","page","type-page","status-publish","hentry"],"yoast_head":"<!-- This site is optimized with the Yoast SEO plugin v26.9 - https:\/\/yoast.com\/product\/yoast-seo-wordpress\/ -->\n<title>GEOLOCALITZACI\u00d3 D&#039;ENVIAMENTS I MISSATGERS - AV COURIER Empresa de paqueter\u00eda y env\u00edos<\/title>\n<meta name=\"robots\" content=\"index, follow, max-snippet:-1, max-image-preview:large, max-video-preview:-1\" \/>\n<link rel=\"canonical\" href=\"https:\/\/avcourier.es\/ecommerce\/geolocalizacion-de-envios-y-mensajeros\" \/>\n<meta property=\"og:locale\" content=\"ca_ES\" \/>\n<meta property=\"og:type\" content=\"article\" \/>\n<meta property=\"og:title\" content=\"GEOLOCALITZACI\u00d3 D&#039;ENVIAMENTS I MISSATGERS - AV COURIER Empresa de paqueter\u00eda y env\u00edos\" \/>\n<meta property=\"og:description\" content=\"[vc_row full_width=&#8221;stretch_row_content_no_spaces&#8221;][vc_column css=&#8221;.vc_custom_1660641999982{background-image: url(\/wp-content\/uploads\/2022\/08\/FOTOS-WEB-3.jpg?id=757) !important;background-position: center !important;background-repeat: no-repeat !important;background-size: cover !important;}&#8221; offset=&#8221;vc_hidden-md vc_hidden-sm vc_hidden-xs&#8221;][vc_column_text css=&#8221;.vc_custom_1652870360136{margin-left: 100px !important;}&#8221;] GEOLOCALITZACI\u00d3 D&#8217;ENVIAMENTS I MISSATGERS [\/vc_column_text][\/vc_column][\/vc_row][vc_row full_width=&#8221;stretch_row_content_no_spaces&#8221; css=&#8221;.vc_custom_1652946877765{margin-top: -35px !important;}&#8221;][vc_column css=&#8221;.vc_custom_1660642005603{background-image: url(\/wp-content\/uploads\/2022\/08\/FOTOS-WEB-3.jpg?id=757) !important;background-position: center !important;background-repeat: no-repeat !important;background-size: cover !important;}&#8221; offset=&#8221;vc_hidden-lg&#8221;][vc_column_text] GEOLOCALITZACI\u00d3 D&#8217;ENVIAMENTS I MISSATGERS [\/vc_column_text][\/vc_column][\/vc_row][vc_row gap=&#8221;35&#8243;][vc_column width=&#8221;1\/2&#8243; css=&#8221;.vc_custom_1653391535197{padding-top: 25px !important;padding-right: 25px !important;padding-bottom: 25px !important;padding-left: 25px !important;background-color: #dddddd !important;border-radius: 10px !important;}&#8221;][vc_column_text] Descobreix el nostre sistemaRead more\" \/>\n<meta property=\"og:url\" content=\"https:\/\/avcourier.es\/ecommerce\/geolocalizacion-de-envios-y-mensajeros\" \/>\n<meta property=\"og:site_name\" content=\"AV COURIER Empresa de paqueter\u00eda y env\u00edos\" \/>\n<meta property=\"article:modified_time\" content=\"2022-08-29T11:16:29+00:00\" \/>\n<meta name=\"twitter:card\" content=\"summary_large_image\" \/>\n<meta name=\"twitter:label1\" content=\"Temps estimat de lectura\" \/>\n\t<meta name=\"twitter:data1\" content=\"2 minuts\" \/>\n<script type=\"application\/ld+json\" class=\"yoast-schema-graph\">{\"@context\":\"https:\/\/schema.org\",\"@graph\":[{\"@type\":\"WebPage\",\"@id\":\"https:\/\/avcourier.es\/ecommerce\/geolocalizacion-de-envios-y-mensajeros\",\"url\":\"https:\/\/avcourier.es\/ecommerce\/geolocalizacion-de-envios-y-mensajeros\",\"name\":\"GEOLOCALITZACI\u00d3 D'ENVIAMENTS I MISSATGERS - AV COURIER Empresa de paqueter\u00eda y env\u00edos\",\"isPartOf\":{\"@id\":\"https:\/\/avcourier.es\/#website\"},\"datePublished\":\"2022-05-31T09:21:02+00:00\",\"dateModified\":\"2022-08-29T11:16:29+00:00\",\"breadcrumb\":{\"@id\":\"https:\/\/avcourier.es\/ecommerce\/geolocalizacion-de-envios-y-mensajeros#breadcrumb\"},\"inLanguage\":\"ca\",\"potentialAction\":[{\"@type\":\"ReadAction\",\"target\":[\"https:\/\/avcourier.es\/ecommerce\/geolocalizacion-de-envios-y-mensajeros\"]}]},{\"@type\":\"BreadcrumbList\",\"@id\":\"https:\/\/avcourier.es\/ecommerce\/geolocalizacion-de-envios-y-mensajeros#breadcrumb\",\"itemListElement\":[{\"@type\":\"ListItem\",\"position\":1,\"name\":\"Portada\",\"item\":\"https:\/\/avcourier.es\/ca\"},{\"@type\":\"ListItem\",\"position\":2,\"name\":\"ECOMMERCE\",\"item\":\"https:\/\/avcourier.es\/ecommerce\"},{\"@type\":\"ListItem\",\"position\":3,\"name\":\"GEOLOCALITZACI\u00d3 D&#8217;ENVIAMENTS I MISSATGERS\"}]},{\"@type\":\"WebSite\",\"@id\":\"https:\/\/avcourier.es\/#website\",\"url\":\"https:\/\/avcourier.es\/\",\"name\":\"AV COURIER Empresa de paqueter\u00eda y env\u00edos\",\"description\":\"\",\"potentialAction\":[{\"@type\":\"SearchAction\",\"target\":{\"@type\":\"EntryPoint\",\"urlTemplate\":\"https:\/\/avcourier.es\/?s={search_term_string}\"},\"query-input\":{\"@type\":\"PropertyValueSpecification\",\"valueRequired\":true,\"valueName\":\"search_term_string\"}}],\"inLanguage\":\"ca\"}]}<\/script>\n<!-- \/ Yoast SEO plugin. -->","yoast_head_json":{"title":"GEOLOCALITZACI\u00d3 D'ENVIAMENTS I MISSATGERS - AV COURIER Empresa de paqueter\u00eda y env\u00edos","robots":{"index":"index","follow":"follow","max-snippet":"max-snippet:-1","max-image-preview":"max-image-preview:large","max-video-preview":"max-video-preview:-1"},"canonical":"https:\/\/avcourier.es\/ecommerce\/geolocalizacion-de-envios-y-mensajeros","og_locale":"ca_ES","og_type":"article","og_title":"GEOLOCALITZACI\u00d3 D'ENVIAMENTS I MISSATGERS - AV COURIER Empresa de paqueter\u00eda y env\u00edos","og_description":"[vc_row full_width=&#8221;stretch_row_content_no_spaces&#8221;][vc_column css=&#8221;.vc_custom_1660641999982{background-image: url(\/wp-content\/uploads\/2022\/08\/FOTOS-WEB-3.jpg?id=757) !important;background-position: center !important;background-repeat: no-repeat !important;background-size: cover !important;}&#8221; offset=&#8221;vc_hidden-md vc_hidden-sm vc_hidden-xs&#8221;][vc_column_text css=&#8221;.vc_custom_1652870360136{margin-left: 100px !important;}&#8221;] GEOLOCALITZACI\u00d3 D&#8217;ENVIAMENTS I MISSATGERS [\/vc_column_text][\/vc_column][\/vc_row][vc_row full_width=&#8221;stretch_row_content_no_spaces&#8221; css=&#8221;.vc_custom_1652946877765{margin-top: -35px !important;}&#8221;][vc_column css=&#8221;.vc_custom_1660642005603{background-image: url(\/wp-content\/uploads\/2022\/08\/FOTOS-WEB-3.jpg?id=757) !important;background-position: center !important;background-repeat: no-repeat !important;background-size: cover !important;}&#8221; offset=&#8221;vc_hidden-lg&#8221;][vc_column_text] GEOLOCALITZACI\u00d3 D&#8217;ENVIAMENTS I MISSATGERS [\/vc_column_text][\/vc_column][\/vc_row][vc_row gap=&#8221;35&#8243;][vc_column width=&#8221;1\/2&#8243; css=&#8221;.vc_custom_1653391535197{padding-top: 25px !important;padding-right: 25px !important;padding-bottom: 25px !important;padding-left: 25px !important;background-color: #dddddd !important;border-radius: 10px !important;}&#8221;][vc_column_text] Descobreix el nostre sistemaRead more","og_url":"https:\/\/avcourier.es\/ecommerce\/geolocalizacion-de-envios-y-mensajeros","og_site_name":"AV COURIER Empresa de paqueter\u00eda y env\u00edos","article_modified_time":"2022-08-29T11:16:29+00:00","twitter_card":"summary_large_image","twitter_misc":{"Temps estimat de lectura":"2 minuts"},"schema":{"@context":"https:\/\/schema.org","@graph":[{"@type":"WebPage","@id":"https:\/\/avcourier.es\/ecommerce\/geolocalizacion-de-envios-y-mensajeros","url":"https:\/\/avcourier.es\/ecommerce\/geolocalizacion-de-envios-y-mensajeros","name":"GEOLOCALITZACI\u00d3 D'ENVIAMENTS I MISSATGERS - AV COURIER Empresa de paqueter\u00eda y env\u00edos","isPartOf":{"@id":"https:\/\/avcourier.es\/#website"},"datePublished":"2022-05-31T09:21:02+00:00","dateModified":"2022-08-29T11:16:29+00:00","breadcrumb":{"@id":"https:\/\/avcourier.es\/ecommerce\/geolocalizacion-de-envios-y-mensajeros#breadcrumb"},"inLanguage":"ca","potentialAction":[{"@type":"ReadAction","target":["https:\/\/avcourier.es\/ecommerce\/geolocalizacion-de-envios-y-mensajeros"]}]},{"@type":"BreadcrumbList","@id":"https:\/\/avcourier.es\/ecommerce\/geolocalizacion-de-envios-y-mensajeros#breadcrumb","itemListElement":[{"@type":"ListItem","position":1,"name":"Portada","item":"https:\/\/avcourier.es\/ca"},{"@type":"ListItem","position":2,"name":"ECOMMERCE","item":"https:\/\/avcourier.es\/ecommerce"},{"@type":"ListItem","position":3,"name":"GEOLOCALITZACI\u00d3 D&#8217;ENVIAMENTS I MISSATGERS"}]},{"@type":"WebSite","@id":"https:\/\/avcourier.es\/#website","url":"https:\/\/avcourier.es\/","name":"AV COURIER Empresa de paqueter\u00eda y env\u00edos","description":"","potentialAction":[{"@type":"SearchAction","target":{"@type":"EntryPoint","urlTemplate":"https:\/\/avcourier.es\/?s={search_term_string}"},"query-input":{"@type":"PropertyValueSpecification","valueRequired":true,"valueName":"search_term_string"}}],"inLanguage":"ca"}]}},"_links":{"self":[{"href":"https:\/\/avcourier.es\/ca\/wp-json\/wp\/v2\/pages\/929","targetHints":{"allow":["GET"]}}],"collection":[{"href":"https:\/\/avcourier.es\/ca\/wp-json\/wp\/v2\/pages"}],"about":[{"href":"https:\/\/avcourier.es\/ca\/wp-json\/wp\/v2\/types\/page"}],"author":[{"embeddable":true,"href":"https:\/\/avcourier.es\/ca\/wp-json\/wp\/v2\/users\/1"}],"replies":[{"embeddable":true,"href":"https:\/\/avcourier.es\/ca\/wp-json\/wp\/v2\/comments?post=929"}],"version-history":[{"count":5,"href":"https:\/\/avcourier.es\/ca\/wp-json\/wp\/v2\/pages\/929\/revisions"}],"predecessor-version":[{"id":1096,"href":"https:\/\/avcourier.es\/ca\/wp-json\/wp\/v2\/pages\/929\/revisions\/1096"}],"up":[{"embeddable":true,"href":"https:\/\/avcourier.es\/ca\/wp-json\/wp\/v2\/pages\/920"}],"wp:attachment":[{"href":"https:\/\/avcourier.es\/ca\/wp-json\/wp\/v2\/media?parent=929"}],"curies":[{"name":"wp","href":"https:\/\/api.w.org\/{rel}","templated":true}]}}