{"id":920,"date":"2022-05-24T08:00:36","date_gmt":"2022-05-24T08:00:36","guid":{"rendered":"https:\/\/anoiavallescourier.es\/ecommerce"},"modified":"2022-08-25T11:23:54","modified_gmt":"2022-08-25T11:23:54","slug":"ecommerce","status":"publish","type":"page","link":"https:\/\/avcourier.es\/ca\/ecommerce","title":{"rendered":"ECOMMERCE"},"content":{"rendered":"<div class=\"wpb-content-wrapper\">[vc_row full_width=&#8221;stretch_row_content_no_spaces&#8221;][vc_column css=&#8221;.vc_custom_1660641919307{background-image: url(\/wp-content\/uploads\/2022\/08\/FOTOS-WEB-3.jpg?id=757) !important;background-position: center !important;background-repeat: no-repeat !important;background-size: cover !important;}&#8221; offset=&#8221;vc_hidden-md vc_hidden-sm vc_hidden-xs&#8221;]<div class=\"boc_spacing \" style=\"height: 60px\"><\/div>[vc_column_text css=&#8221;.vc_custom_1652870360136{margin-left: 100px !important;}&#8221;]\n<h1 style=\"text-align: left;\"><span style=\"font-weight: bolder; color: white; font-size: 35px;\">ECOMMERCE<\/span><\/h1>\n[\/vc_column_text]<div class=\"boc_spacing \" style=\"height: 20px\"><\/div>[\/vc_column][\/vc_row][vc_row full_width=&#8221;stretch_row_content_no_spaces&#8221; css=&#8221;.vc_custom_1652946877765{margin-top: -35px !important;}&#8221;][vc_column css=&#8221;.vc_custom_1660641924835{background-image: url(\/wp-content\/uploads\/2022\/08\/FOTOS-WEB-3.jpg?id=757) !important;background-position: center !important;background-repeat: no-repeat !important;background-size: cover !important;}&#8221; offset=&#8221;vc_hidden-lg&#8221;]<div class=\"boc_spacing \" style=\"height: 60px\"><\/div>[vc_column_text]\n<h1 style=\"text-align: center;\"><span style=\"font-weight: bolder; color: white; font-size: 35px;\">ECOMMERCE<\/span><\/h1>\n[\/vc_column_text]<div class=\"boc_spacing \" style=\"height: 20px\"><\/div>[\/vc_column][\/vc_row][vc_row css=&#8221;.vc_custom_1654081437134{padding-top: 25px !important;padding-right: 25px !important;padding-bottom: 25px !important;padding-left: 25px !important;background-color: #1e263b !important;border-radius: 15px !important;}&#8221;][vc_column][vc_column_text]<span style=\"color: #ffffff;\">Si disposa d&#8217;una empresa enfocada a l&#8217;e-commerce o venda en l\u00ednia, amb Anoia Valles descobrir\u00e0 la manera de portar les vendes a un altre nivell, aconseguint aix\u00ed diferenciar-se de la compet\u00e8ncia i oferint un servei de lliurament tan \u00e0gil com efica\u00e7.<\/span>[\/vc_column_text][vc_column_text css=&#8221;.vc_custom_1654084478985{padding-top: 25px !important;padding-right: 25px !important;padding-bottom: 25px !important;padding-left: 25px !important;background-color: #ffffff !important;border-radius: 5px !important;}&#8221;]<strong><span class=\"collapseomatic \" id=\"id69f9fff576c25\"  tabindex=\"0\" title=\" Ver m\u00e1s detalles\"    > Ver m\u00e1s detalles<\/span><div id=\"target-id69f9fff576c25\" class=\"collapseomatic_content \"><\/strong><\/p>\n<ul>\n<li>Extensa xarxa amb m\u00e9s de 4100 punts de proximitat a la seva disposici\u00f3.<\/li>\n<li>Possibilitat de pagament contra-reemborsament<\/li>\n<li>Gesti\u00f3 d&#8217;estoc.<\/li>\n<li>Gesti\u00f3 de comanda.<\/li>\n<li>Gesti\u00f3 efica\u00e7 de les devolucions (Log\u00edstica inversa).<\/li>\n<li>Seguiment del producte en temps real i av\u00eds al client, via sms o email, de quan es rebr\u00e0 l&#8217;enviament.<\/li>\n<li>Servei de lliurament urgent en tota Espanya.<\/li>\n<li>Interacci\u00f3 web del lliurament amb possibilitat d&#8217;autoritzar el lliurament en ve\u00ed o porter, derivar a punt de conveni\u00e8ncia, acordar horari, canvi de direcci\u00f3 i altres gestions per a incrementar la satisfacci\u00f3 del destinatari.<\/li>\n<\/ul>\n<\/div>[\/vc_column_text][\/vc_column][\/vc_row][vc_row][vc_column][vc_column_text]\n<h2><span style=\"font-weight: bolder;\">Serveis Ecommerce<\/span><\/h2>\n[\/vc_column_text][\/vc_column][\/vc_row][vc_row][vc_column width=&#8221;1\/3&#8243;]\n\t\t\t\t<a target=\"_self\" href=\"\/ca\/ecommerce\/moduls-dintegracio\"  class=\"pic_info_link_type5\">\n\t\t\t\t  <div class=\"boc_image_box portfolio_animator_class  \">\n\t\t\t\t\t<div class=\"pic_info type5\">\n\t\t\t\t\t\t<div class=\"pic  img_hover_effect3\"><div class=\"plus_overlay\"><\/div><div class=\"plus_overlay_icon\"><\/div>\n\t\t\t\t\t\t<img loading=\"lazy\" decoding=\"async\" width=\"468\" height=\"380\" src=\"https:\/\/avcourier.es\/wp-content\/uploads\/2022\/07\/ecommerce-modulos-de-integracion-468x380.png\" class=\"attachment-boc_medium size-boc_medium\" alt=\"\" \/>\n\t\t\t\t\t\t<div class=\"img_overlay_icon\"><span class=\"portfolio_icon icon_link\"><\/span><\/div><\/div>\n\t\t\t\t\t\t<div class=\"info_overlay\">\n\t\t\t\t\t\t\t<div class=\"info_overlay_padding\">\n\t\t\t\t\t\t\t\t<div class=\"info_desc\">\n\t\t\t\t\t\t\t\t\t<span class=\"portfolio_icon icon_link\"><\/span>\t\t\t\t\n\t\t\t\t\t\t\t\t\t<h3>M\u00d2DULS D'INTEGRACI\u00d3<\/h3>\n\t\t\t\t\t\t\t\t\t<p><\/p>\n\t\t\t\t\t\t\t\t<\/div>\n\t\t\t\t\t\t\t<\/div>\n\t\t\t\t\t\t<\/div>\n\t\t\t\t\t<\/div>\n\t\t\t\t  <\/div>\n\t\t\t\t<\/a>\n\t\t\t[\/vc_column][vc_column width=&#8221;1\/3&#8243;]\n\t\t\t\t<a target=\"_self\" href=\"\/ca\/ecommerce\/app-courier\"  class=\"pic_info_link_type5\">\n\t\t\t\t  <div class=\"boc_image_box portfolio_animator_class  \">\n\t\t\t\t\t<div class=\"pic_info type5\">\n\t\t\t\t\t\t<div class=\"pic  img_hover_effect3\"><div class=\"plus_overlay\"><\/div><div class=\"plus_overlay_icon\"><\/div>\n\t\t\t\t\t\t<img loading=\"lazy\" decoding=\"async\" width=\"468\" height=\"380\" src=\"https:\/\/avcourier.es\/wp-content\/uploads\/2022\/07\/app-courier-1-468x380.png\" class=\"attachment-boc_medium size-boc_medium\" alt=\"\" \/>\n\t\t\t\t\t\t<div class=\"img_overlay_icon\"><span class=\"portfolio_icon icon_link\"><\/span><\/div><\/div>\n\t\t\t\t\t\t<div class=\"info_overlay\">\n\t\t\t\t\t\t\t<div class=\"info_overlay_padding\">\n\t\t\t\t\t\t\t\t<div class=\"info_desc\">\n\t\t\t\t\t\t\t\t\t<span class=\"portfolio_icon icon_link\"><\/span>\t\t\t\t\n\t\t\t\t\t\t\t\t\t<h3>App Courier<\/h3>\n\t\t\t\t\t\t\t\t\t<p><\/p>\n\t\t\t\t\t\t\t\t<\/div>\n\t\t\t\t\t\t\t<\/div>\n\t\t\t\t\t\t<\/div>\n\t\t\t\t\t<\/div>\n\t\t\t\t  <\/div>\n\t\t\t\t<\/a>\n\t\t\t[\/vc_column][vc_column width=&#8221;1\/3&#8243;]\n\t\t\t\t<a target=\"_self\" href=\"\/ca\/ecommerce\/logistica-inversa\"  class=\"pic_info_link_type5\">\n\t\t\t\t  <div class=\"boc_image_box portfolio_animator_class  \">\n\t\t\t\t\t<div class=\"pic_info type5\">\n\t\t\t\t\t\t<div class=\"pic  img_hover_effect3\"><div class=\"plus_overlay\"><\/div><div class=\"plus_overlay_icon\"><\/div>\n\t\t\t\t\t\t<img loading=\"lazy\" decoding=\"async\" width=\"468\" height=\"380\" src=\"https:\/\/avcourier.es\/wp-content\/uploads\/2022\/07\/logistica-inversa-468x380.png\" class=\"attachment-boc_medium size-boc_medium\" alt=\"\" \/>\n\t\t\t\t\t\t<div class=\"img_overlay_icon\"><span class=\"portfolio_icon icon_link\"><\/span><\/div><\/div>\n\t\t\t\t\t\t<div class=\"info_overlay\">\n\t\t\t\t\t\t\t<div class=\"info_overlay_padding\">\n\t\t\t\t\t\t\t\t<div class=\"info_desc\">\n\t\t\t\t\t\t\t\t\t<span class=\"portfolio_icon icon_link\"><\/span>\t\t\t\t\n\t\t\t\t\t\t\t\t\t<h3>Log\u00edstica inversa<\/h3>\n\t\t\t\t\t\t\t\t\t<p><\/p>\n\t\t\t\t\t\t\t\t<\/div>\n\t\t\t\t\t\t\t<\/div>\n\t\t\t\t\t\t<\/div>\n\t\t\t\t\t<\/div>\n\t\t\t\t  <\/div>\n\t\t\t\t<\/a>\n\t\t\t[\/vc_column][\/vc_row][vc_row][vc_column width=&#8221;1\/3&#8243;]\n\t\t\t\t<a target=\"_self\" href=\"\/ca\/ecommerce\/geolocalitzacio-denviaments-i-missatgers\"  class=\"pic_info_link_type5\">\n\t\t\t\t  <div class=\"boc_image_box portfolio_animator_class  \">\n\t\t\t\t\t<div class=\"pic_info type5\">\n\t\t\t\t\t\t<div class=\"pic  img_hover_effect3\"><div class=\"plus_overlay\"><\/div><div class=\"plus_overlay_icon\"><\/div>\n\t\t\t\t\t\t<img loading=\"lazy\" decoding=\"async\" width=\"468\" height=\"380\" src=\"https:\/\/avcourier.es\/wp-content\/uploads\/2022\/07\/geolocalizacion-avcourier-468x380.png\" class=\"attachment-boc_medium size-boc_medium\" alt=\"\" \/>\n\t\t\t\t\t\t<div class=\"img_overlay_icon\"><span class=\"portfolio_icon icon_link\"><\/span><\/div><\/div>\n\t\t\t\t\t\t<div class=\"info_overlay\">\n\t\t\t\t\t\t\t<div class=\"info_overlay_padding\">\n\t\t\t\t\t\t\t\t<div class=\"info_desc\">\n\t\t\t\t\t\t\t\t\t<span class=\"portfolio_icon icon_link\"><\/span>\t\t\t\t\n\t\t\t\t\t\t\t\t\t<h3>Geolocalizaci\u00f3 de enviaments y missatgers<\/h3>\n\t\t\t\t\t\t\t\t\t<p><\/p>\n\t\t\t\t\t\t\t\t<\/div>\n\t\t\t\t\t\t\t<\/div>\n\t\t\t\t\t\t<\/div>\n\t\t\t\t\t<\/div>\n\t\t\t\t  <\/div>\n\t\t\t\t<\/a>\n\t\t\t[\/vc_column][vc_column width=&#8221;1\/3&#8243;]\n\t\t\t\t<a target=\"_self\" href=\"\/ca\/ecommerce\/web-interactica-resolucio-dincidencies\"  class=\"pic_info_link_type5\">\n\t\t\t\t  <div class=\"boc_image_box portfolio_animator_class  \">\n\t\t\t\t\t<div class=\"pic_info type5\">\n\t\t\t\t\t\t<div class=\"pic  img_hover_effect3\"><div class=\"plus_overlay\"><\/div><div class=\"plus_overlay_icon\"><\/div>\n\t\t\t\t\t\t<img loading=\"lazy\" decoding=\"async\" width=\"468\" height=\"380\" src=\"https:\/\/avcourier.es\/wp-content\/uploads\/2022\/06\/3-2-468x380.jpg\" class=\"attachment-boc_medium size-boc_medium\" alt=\"\" \/>\n\t\t\t\t\t\t<div class=\"img_overlay_icon\"><span class=\"portfolio_icon icon_link\"><\/span><\/div><\/div>\n\t\t\t\t\t\t<div class=\"info_overlay\">\n\t\t\t\t\t\t\t<div class=\"info_overlay_padding\">\n\t\t\t\t\t\t\t\t<div class=\"info_desc\">\n\t\t\t\t\t\t\t\t\t<span class=\"portfolio_icon icon_link\"><\/span>\t\t\t\t\n\t\t\t\t\t\t\t\t\t<h3>Web interactiva \/ resoluci\u00f3 de incidencies<\/h3>\n\t\t\t\t\t\t\t\t\t<p><\/p>\n\t\t\t\t\t\t\t\t<\/div>\n\t\t\t\t\t\t\t<\/div>\n\t\t\t\t\t\t<\/div>\n\t\t\t\t\t<\/div>\n\t\t\t\t  <\/div>\n\t\t\t\t<\/a>\n\t\t\t[\/vc_column][vc_column width=&#8221;1\/3&#8243;][\/vc_column][\/vc_row][vc_row][vc_column]<div class=\"boc_spacing \" style=\"height: 20px\"><\/div>[\/vc_column][\/vc_row]\n<\/div>","protected":false},"excerpt":{"rendered":"<p>[vc_row full_width=&#8221;stretch_row_content_no_spaces&#8221;][vc_column css=&#8221;.vc_custom_1660641919307{background-image: url(\/wp-content\/uploads\/2022\/08\/FOTOS-WEB-3.jpg?id=757) !important;background-position: center !important;background-repeat: no-repeat !important;background-size: cover !important;}&#8221; offset=&#8221;vc_hidden-md vc_hidden-sm vc_hidden-xs&#8221;][vc_column_text css=&#8221;.vc_custom_1652870360136{margin-left: 100px !important;}&#8221;] ECOMMERCE [\/vc_column_text][\/vc_column][\/vc_row][vc_row full_width=&#8221;stretch_row_content_no_spaces&#8221; css=&#8221;.vc_custom_1652946877765{margin-top: -35px !important;}&#8221;][vc_column css=&#8221;.vc_custom_1660641924835{background-image: url(\/wp-content\/uploads\/2022\/08\/FOTOS-WEB-3.jpg?id=757) !important;background-position: center !important;background-repeat: no-repeat !important;background-size: cover !important;}&#8221; offset=&#8221;vc_hidden-lg&#8221;][vc_column_text] ECOMMERCE [\/vc_column_text][\/vc_column][\/vc_row][vc_row css=&#8221;.vc_custom_1654081437134{padding-top: 25px !important;padding-right: 25px !important;padding-bottom: 25px !important;padding-left: 25px !important;background-color: #1e263b !important;border-radius: 15px !important;}&#8221;][vc_column][vc_column_text]Si disposa d&#8217;una empresa enfocada a l&#8217;e-commerce o venda en l\u00ednia, amb Anoia<\/p>\n<div class=\"h10\"><\/div>\n<p><a class=\"more-link1\" href=\"https:\/\/avcourier.es\/ca\/ecommerce\">Read more<\/a><\/p>\n","protected":false},"author":1,"featured_media":0,"parent":0,"menu_order":0,"comment_status":"closed","ping_status":"closed","template":"","meta":{"footnotes":""},"class_list":["post-920","page","type-page","status-publish","hentry"],"yoast_head":"<!-- This site is optimized with the Yoast SEO plugin v26.9 - https:\/\/yoast.com\/product\/yoast-seo-wordpress\/ -->\n<title>ECOMMERCE - AV COURIER Empresa de paqueter\u00eda y env\u00edos<\/title>\n<meta name=\"robots\" content=\"index, follow, max-snippet:-1, max-image-preview:large, max-video-preview:-1\" \/>\n<link rel=\"canonical\" href=\"https:\/\/avcourier.es\/ecommerce\" \/>\n<meta property=\"og:locale\" content=\"ca_ES\" \/>\n<meta property=\"og:type\" content=\"article\" \/>\n<meta property=\"og:title\" content=\"ECOMMERCE - AV COURIER Empresa de paqueter\u00eda y env\u00edos\" \/>\n<meta property=\"og:description\" content=\"[vc_row full_width=&#8221;stretch_row_content_no_spaces&#8221;][vc_column css=&#8221;.vc_custom_1660641919307{background-image: url(\/wp-content\/uploads\/2022\/08\/FOTOS-WEB-3.jpg?id=757) !important;background-position: center !important;background-repeat: no-repeat !important;background-size: cover !important;}&#8221; offset=&#8221;vc_hidden-md vc_hidden-sm vc_hidden-xs&#8221;][vc_column_text css=&#8221;.vc_custom_1652870360136{margin-left: 100px !important;}&#8221;] ECOMMERCE [\/vc_column_text][\/vc_column][\/vc_row][vc_row full_width=&#8221;stretch_row_content_no_spaces&#8221; css=&#8221;.vc_custom_1652946877765{margin-top: -35px !important;}&#8221;][vc_column css=&#8221;.vc_custom_1660641924835{background-image: url(\/wp-content\/uploads\/2022\/08\/FOTOS-WEB-3.jpg?id=757) !important;background-position: center !important;background-repeat: no-repeat !important;background-size: cover !important;}&#8221; offset=&#8221;vc_hidden-lg&#8221;][vc_column_text] ECOMMERCE [\/vc_column_text][\/vc_column][\/vc_row][vc_row css=&#8221;.vc_custom_1654081437134{padding-top: 25px !important;padding-right: 25px !important;padding-bottom: 25px !important;padding-left: 25px !important;background-color: #1e263b !important;border-radius: 15px !important;}&#8221;][vc_column][vc_column_text]Si disposa d&#8217;una empresa enfocada a l&#8217;e-commerce o venda en l\u00ednia, amb AnoiaRead more\" \/>\n<meta property=\"og:url\" content=\"https:\/\/avcourier.es\/ecommerce\" \/>\n<meta property=\"og:site_name\" content=\"AV COURIER Empresa de paqueter\u00eda y env\u00edos\" \/>\n<meta property=\"article:modified_time\" content=\"2022-08-25T11:23:54+00:00\" \/>\n<meta name=\"twitter:card\" content=\"summary_large_image\" \/>\n<meta name=\"twitter:label1\" content=\"Temps estimat de lectura\" \/>\n\t<meta name=\"twitter:data1\" content=\"2 minuts\" \/>\n<script type=\"application\/ld+json\" class=\"yoast-schema-graph\">{\"@context\":\"https:\/\/schema.org\",\"@graph\":[{\"@type\":\"WebPage\",\"@id\":\"https:\/\/avcourier.es\/ecommerce\",\"url\":\"https:\/\/avcourier.es\/ecommerce\",\"name\":\"ECOMMERCE - AV COURIER Empresa de paqueter\u00eda y env\u00edos\",\"isPartOf\":{\"@id\":\"https:\/\/avcourier.es\/#website\"},\"datePublished\":\"2022-05-24T08:00:36+00:00\",\"dateModified\":\"2022-08-25T11:23:54+00:00\",\"breadcrumb\":{\"@id\":\"https:\/\/avcourier.es\/ecommerce#breadcrumb\"},\"inLanguage\":\"ca\",\"potentialAction\":[{\"@type\":\"ReadAction\",\"target\":[\"https:\/\/avcourier.es\/ecommerce\"]}]},{\"@type\":\"BreadcrumbList\",\"@id\":\"https:\/\/avcourier.es\/ecommerce#breadcrumb\",\"itemListElement\":[{\"@type\":\"ListItem\",\"position\":1,\"name\":\"Portada\",\"item\":\"https:\/\/avcourier.es\/ca\"},{\"@type\":\"ListItem\",\"position\":2,\"name\":\"ECOMMERCE\"}]},{\"@type\":\"WebSite\",\"@id\":\"https:\/\/avcourier.es\/#website\",\"url\":\"https:\/\/avcourier.es\/\",\"name\":\"AV COURIER Empresa de paqueter\u00eda y env\u00edos\",\"description\":\"\",\"potentialAction\":[{\"@type\":\"SearchAction\",\"target\":{\"@type\":\"EntryPoint\",\"urlTemplate\":\"https:\/\/avcourier.es\/?s={search_term_string}\"},\"query-input\":{\"@type\":\"PropertyValueSpecification\",\"valueRequired\":true,\"valueName\":\"search_term_string\"}}],\"inLanguage\":\"ca\"}]}<\/script>\n<!-- \/ Yoast SEO plugin. -->","yoast_head_json":{"title":"ECOMMERCE - AV COURIER Empresa de paqueter\u00eda y env\u00edos","robots":{"index":"index","follow":"follow","max-snippet":"max-snippet:-1","max-image-preview":"max-image-preview:large","max-video-preview":"max-video-preview:-1"},"canonical":"https:\/\/avcourier.es\/ecommerce","og_locale":"ca_ES","og_type":"article","og_title":"ECOMMERCE - AV COURIER Empresa de paqueter\u00eda y env\u00edos","og_description":"[vc_row full_width=&#8221;stretch_row_content_no_spaces&#8221;][vc_column css=&#8221;.vc_custom_1660641919307{background-image: url(\/wp-content\/uploads\/2022\/08\/FOTOS-WEB-3.jpg?id=757) !important;background-position: center !important;background-repeat: no-repeat !important;background-size: cover !important;}&#8221; offset=&#8221;vc_hidden-md vc_hidden-sm vc_hidden-xs&#8221;][vc_column_text css=&#8221;.vc_custom_1652870360136{margin-left: 100px !important;}&#8221;] ECOMMERCE [\/vc_column_text][\/vc_column][\/vc_row][vc_row full_width=&#8221;stretch_row_content_no_spaces&#8221; css=&#8221;.vc_custom_1652946877765{margin-top: -35px !important;}&#8221;][vc_column css=&#8221;.vc_custom_1660641924835{background-image: url(\/wp-content\/uploads\/2022\/08\/FOTOS-WEB-3.jpg?id=757) !important;background-position: center !important;background-repeat: no-repeat !important;background-size: cover !important;}&#8221; offset=&#8221;vc_hidden-lg&#8221;][vc_column_text] ECOMMERCE [\/vc_column_text][\/vc_column][\/vc_row][vc_row css=&#8221;.vc_custom_1654081437134{padding-top: 25px !important;padding-right: 25px !important;padding-bottom: 25px !important;padding-left: 25px !important;background-color: #1e263b !important;border-radius: 15px !important;}&#8221;][vc_column][vc_column_text]Si disposa d&#8217;una empresa enfocada a l&#8217;e-commerce o venda en l\u00ednia, amb AnoiaRead more","og_url":"https:\/\/avcourier.es\/ecommerce","og_site_name":"AV COURIER Empresa de paqueter\u00eda y env\u00edos","article_modified_time":"2022-08-25T11:23:54+00:00","twitter_card":"summary_large_image","twitter_misc":{"Temps estimat de lectura":"2 minuts"},"schema":{"@context":"https:\/\/schema.org","@graph":[{"@type":"WebPage","@id":"https:\/\/avcourier.es\/ecommerce","url":"https:\/\/avcourier.es\/ecommerce","name":"ECOMMERCE - AV COURIER Empresa de paqueter\u00eda y env\u00edos","isPartOf":{"@id":"https:\/\/avcourier.es\/#website"},"datePublished":"2022-05-24T08:00:36+00:00","dateModified":"2022-08-25T11:23:54+00:00","breadcrumb":{"@id":"https:\/\/avcourier.es\/ecommerce#breadcrumb"},"inLanguage":"ca","potentialAction":[{"@type":"ReadAction","target":["https:\/\/avcourier.es\/ecommerce"]}]},{"@type":"BreadcrumbList","@id":"https:\/\/avcourier.es\/ecommerce#breadcrumb","itemListElement":[{"@type":"ListItem","position":1,"name":"Portada","item":"https:\/\/avcourier.es\/ca"},{"@type":"ListItem","position":2,"name":"ECOMMERCE"}]},{"@type":"WebSite","@id":"https:\/\/avcourier.es\/#website","url":"https:\/\/avcourier.es\/","name":"AV COURIER Empresa de paqueter\u00eda y env\u00edos","description":"","potentialAction":[{"@type":"SearchAction","target":{"@type":"EntryPoint","urlTemplate":"https:\/\/avcourier.es\/?s={search_term_string}"},"query-input":{"@type":"PropertyValueSpecification","valueRequired":true,"valueName":"search_term_string"}}],"inLanguage":"ca"}]}},"_links":{"self":[{"href":"https:\/\/avcourier.es\/ca\/wp-json\/wp\/v2\/pages\/920","targetHints":{"allow":["GET"]}}],"collection":[{"href":"https:\/\/avcourier.es\/ca\/wp-json\/wp\/v2\/pages"}],"about":[{"href":"https:\/\/avcourier.es\/ca\/wp-json\/wp\/v2\/types\/page"}],"author":[{"embeddable":true,"href":"https:\/\/avcourier.es\/ca\/wp-json\/wp\/v2\/users\/1"}],"replies":[{"embeddable":true,"href":"https:\/\/avcourier.es\/ca\/wp-json\/wp\/v2\/comments?post=920"}],"version-history":[{"count":5,"href":"https:\/\/avcourier.es\/ca\/wp-json\/wp\/v2\/pages\/920\/revisions"}],"predecessor-version":[{"id":1054,"href":"https:\/\/avcourier.es\/ca\/wp-json\/wp\/v2\/pages\/920\/revisions\/1054"}],"wp:attachment":[{"href":"https:\/\/avcourier.es\/ca\/wp-json\/wp\/v2\/media?parent=920"}],"curies":[{"name":"wp","href":"https:\/\/api.w.org\/{rel}","templated":true}]}}