{"id":896,"date":"2022-05-17T12:00:07","date_gmt":"2022-05-17T12:00:07","guid":{"rendered":"https:\/\/anoiavallescourier.es\/internacional"},"modified":"2022-08-30T11:59:22","modified_gmt":"2022-08-30T11:59:22","slug":"enviament-paqueteria-internacional","status":"publish","type":"page","link":"https:\/\/avcourier.es\/ca\/enviament-paqueteria-internacional","title":{"rendered":"ENVIAMENT DE PAQUETERIA INTERNACIONAL"},"content":{"rendered":"<div class=\"wpb-content-wrapper\">[vc_row full_width=&#8221;stretch_row_content_no_spaces&#8221;][vc_column css=&#8221;.vc_custom_1660639711589{background-image: url(\/wp-content\/uploads\/2022\/08\/FOTOS-WEB-3.jpg?id=757) !important;background-position: center !important;background-repeat: no-repeat !important;background-size: cover !important;}&#8221; offset=&#8221;vc_hidden-md vc_hidden-sm vc_hidden-xs&#8221;]<div class=\"boc_spacing \" style=\"height: 60px\"><\/div>[vc_column_text css=&#8221;.vc_custom_1652870360136{margin-left: 100px !important;}&#8221;]\n<h1 style=\"text-align: left;\"><span style=\"font-weight: bolder; color: white; font-size: 35px;\">ENVIAMENT DE PAQUETERIA INTERNACIONAL<\/span><\/h1>\n[\/vc_column_text]<div class=\"boc_spacing \" style=\"height: 20px\"><\/div>[\/vc_column][\/vc_row][vc_row full_width=&#8221;stretch_row_content_no_spaces&#8221; css=&#8221;.vc_custom_1652946877765{margin-top: -35px !important;}&#8221;][vc_column css=&#8221;.vc_custom_1660639717533{background-image: url(\/wp-content\/uploads\/2022\/08\/FOTOS-WEB-3.jpg?id=757) !important;background-position: center !important;background-repeat: no-repeat !important;background-size: cover !important;}&#8221; offset=&#8221;vc_hidden-lg&#8221;]<div class=\"boc_spacing \" style=\"height: 60px\"><\/div>[vc_column_text]\n<h1 style=\"text-align: center;\"><span style=\"font-weight: bolder; color: white; font-size: 35px;\">ENVIAMENT DE PAQUETERIA INTERNACIONAL<\/span><\/h1>\n[\/vc_column_text]<div class=\"boc_spacing \" style=\"height: 20px\"><\/div>[\/vc_column][\/vc_row][vc_row][vc_column offset=&#8221;vc_hidden-xs&#8221;][vc_row_inner gap=&#8221;35&#8243;][vc_column_inner width=&#8221;1\/2&#8243;]<div class=\"boc_spacing \" style=\"height: 60px\"><\/div>[vc_column_text]\n<p style=\"text-align: justify;\">En <strong>AV Courier<\/strong>, som experts en el transport internacional i paqueteria urgent. Disposem d&#8217;una \u00e0mplia experi\u00e8ncia en l&#8217;exportaci\u00f3 i importaci\u00f3 de tota mena de productes, tant per mar i terra com per aire.<\/p>\n<p style=\"text-align: justify;\">Formem part de la xarxa ib\u00e8rica de GLS, un model agencial \u00fanic a Europa que conjumina l&#8217;experi\u00e8ncia de m\u00e9s de 600 especialistes locals de transport amb la capacitat internacional del grup GLS, present en m\u00e9s de 40 pa\u00efsos.<br \/>\nDisposem de diversos serveis per a una major flexibilitat de cara el client, aix\u00ed, triar el servei que m\u00e9s s&#8217;adapti a les seves necessitats.<\/p>\n[\/vc_column_text][\/vc_column_inner][vc_column_inner width=&#8221;1\/2&#8243;][vc_single_image onclick=&#8221;link_image&#8221; image=&#8221;674&#8243;][\/vc_column_inner][\/vc_row_inner][vc_row_inner gap=&#8221;35&#8243;][vc_column_inner css=&#8221;.vc_custom_1653387713341{padding-top: 25px !important;padding-right: 25px !important;padding-bottom: 25px !important;padding-left: 25px !important;background-color: #1e263b !important;border-radius: 15px !important;}&#8221;][vc_column_text]\n<ul>\n<li><span style=\"color: #ffffff;\">Enviaments diaris, amb possibilitat de lliurament en 24h.<\/span><\/li>\n<li><span style=\"color: #ffffff;\">Serveis econ\u00f2mics que s&#8217;adapten a qualsevol mena de situaci\u00f3, permetent a cada client adaptar-se al servei que millor li convingui.<\/span><\/li>\n<li><span style=\"color: #ffffff;\">Servei personalitzat i ajustat a les teves necessitats, perqu\u00e8 no t&#8217;hagis de preocupar pels teus enviaments i paqueteria.<\/span><\/li>\n<li><span style=\"color: #ffffff;\">El nostre personal s&#8217;encarregar\u00e0 de tramitar tots els procediments per al transport de les seves comandes (processos duaners, tramitaci\u00f3 de llic\u00e8ncies,\u2026).<\/span><\/li>\n<\/ul>\n<p><span style=\"color: #ffffff;\">internacionals d&#8217;una manera senzilla i econ\u00f2mica, a m\u00e9s que s&#8217;adapti a les teves necessitats.<\/span>[\/vc_column_text][\/vc_column_inner][\/vc_row_inner][\/vc_column][\/vc_row][vc_row][vc_column offset=&#8221;vc_hidden-lg vc_hidden-md vc_hidden-sm&#8221;][vc_row_inner gap=&#8221;35&#8243;][vc_column_inner width=&#8221;1\/2&#8243;][vc_column_text]\n<p style=\"text-align: justify;\">En <strong>AV Courier<\/strong>, som experts en el transport internacional i paqueteria urgent. Disposem d&#8217;una \u00e0mplia experi\u00e8ncia en l&#8217;exportaci\u00f3 i importaci\u00f3 de tota mena de productes, tant per mar i terra com per aire.<\/p>\n<p style=\"text-align: justify;\">Formem part de la xarxa ib\u00e8rica de GLS, un model agencial \u00fanic a Europa que conjumina l&#8217;experi\u00e8ncia de m\u00e9s de 600 especialistes locals de transport amb la capacitat internacional del grup GLS, present en m\u00e9s de 40 pa\u00efsos.<br \/>\nDisposem de diversos serveis per a una major flexibilitat de cara el client, aix\u00ed, triar el servei que m\u00e9s s&#8217;adapti a les seves necessitats.<\/p>\n[\/vc_column_text][\/vc_column_inner][vc_column_inner width=&#8221;1\/2&#8243;][vc_single_image onclick=&#8221;link_image&#8221; image=&#8221;674&#8243;][\/vc_column_inner][\/vc_row_inner][vc_row_inner gap=&#8221;35&#8243;][vc_column_inner css=&#8221;.vc_custom_1653387713341{padding-top: 25px !important;padding-right: 25px !important;padding-bottom: 25px !important;padding-left: 25px !important;background-color: #1e263b !important;border-radius: 15px !important;}&#8221;][vc_column_text]\n<ul>\n<li><span style=\"color: #ffffff;\">Enviaments diaris, amb possibilitat de lliurament en 24h.<\/span><\/li>\n<li><span style=\"color: #ffffff;\">Serveis econ\u00f2mics que s&#8217;adapten a qualsevol mena de situaci\u00f3, permetent a cada client adaptar-se al servei que millor li convingui.<\/span><\/li>\n<li><span style=\"color: #ffffff;\">Servei personalitzat i ajustat a les teves necessitats, perqu\u00e8 no t&#8217;hagis de preocupar pels teus enviaments i paqueteria.<\/span><\/li>\n<li><span style=\"color: #ffffff;\">El nostre personal s&#8217;encarregar\u00e0 de tramitar tots els procediments per al transport de les seves comandes (processos duaners, tramitaci\u00f3 de llic\u00e8ncies,\u2026).<\/span><\/li>\n<\/ul>\n<p><span style=\"color: #ffffff;\">internacionals d&#8217;una manera senzilla i econ\u00f2mica, a m\u00e9s que s&#8217;adapti a les teves necessitats.<\/span>[\/vc_column_text][\/vc_column_inner][\/vc_row_inner][\/vc_column][\/vc_row][vc_row][vc_column][vc_column_text]\n<h2><span style=\"font-weight: bolder;\">Servieis internacionals<\/span><\/h2>\n[\/vc_column_text][\/vc_column][\/vc_row][vc_row el_class=&#8221;botones&#8221;][vc_column width=&#8221;1\/3&#8243;]\n\t\t\t\t<a target=\"_self\" href=\"\/ca\/enviament-paqueteria-internacional\/enviaments-express\"  class=\"pic_info_link_type5\">\n\t\t\t\t  <div class=\"boc_image_box portfolio_animator_class  \">\n\t\t\t\t\t<div class=\"pic_info type5\">\n\t\t\t\t\t\t<div class=\"pic  img_hover_effect3\"><div class=\"plus_overlay\"><\/div><div class=\"plus_overlay_icon\"><\/div>\n\t\t\t\t\t\t<img loading=\"lazy\" decoding=\"async\" width=\"600\" height=\"380\" src=\"https:\/\/avcourier.es\/wp-content\/uploads\/2022\/06\/1-1-600x380.jpg\" class=\"attachment-boc_medium size-boc_medium\" alt=\"\" \/>\n\t\t\t\t\t\t<div class=\"img_overlay_icon\"><span class=\"portfolio_icon icon_link\"><\/span><\/div><\/div>\n\t\t\t\t\t\t<div class=\"info_overlay\">\n\t\t\t\t\t\t\t<div class=\"info_overlay_padding\">\n\t\t\t\t\t\t\t\t<div class=\"info_desc\">\n\t\t\t\t\t\t\t\t\t<span class=\"portfolio_icon icon_link\"><\/span>\t\t\t\t\n\t\t\t\t\t\t\t\t\t<h3>Servei Express<\/h3>\n\t\t\t\t\t\t\t\t\t<p><\/p>\n\t\t\t\t\t\t\t\t<\/div>\n\t\t\t\t\t\t\t<\/div>\n\t\t\t\t\t\t<\/div>\n\t\t\t\t\t<\/div>\n\t\t\t\t  <\/div>\n\t\t\t\t<\/a>\n\t\t\t[\/vc_column][vc_column width=&#8221;1\/3&#8243;]\n\t\t\t\t<a target=\"_self\" href=\"\/ca\/enviament-paqueteria-internacional\/servei-economy\"  class=\"pic_info_link_type5\">\n\t\t\t\t  <div class=\"boc_image_box portfolio_animator_class  \">\n\t\t\t\t\t<div class=\"pic_info type5\">\n\t\t\t\t\t\t<div class=\"pic  img_hover_effect3\"><div class=\"plus_overlay\"><\/div><div class=\"plus_overlay_icon\"><\/div>\n\t\t\t\t\t\t<img loading=\"lazy\" decoding=\"async\" width=\"600\" height=\"380\" src=\"https:\/\/avcourier.es\/wp-content\/uploads\/2022\/06\/2-1-600x380.jpg\" class=\"attachment-boc_medium size-boc_medium\" alt=\"\" \/>\n\t\t\t\t\t\t<div class=\"img_overlay_icon\"><span class=\"portfolio_icon icon_link\"><\/span><\/div><\/div>\n\t\t\t\t\t\t<div class=\"info_overlay\">\n\t\t\t\t\t\t\t<div class=\"info_overlay_padding\">\n\t\t\t\t\t\t\t\t<div class=\"info_desc\">\n\t\t\t\t\t\t\t\t\t<span class=\"portfolio_icon icon_link\"><\/span>\t\t\t\t\n\t\t\t\t\t\t\t\t\t<h3>Servei Economy<\/h3>\n\t\t\t\t\t\t\t\t\t<p><\/p>\n\t\t\t\t\t\t\t\t<\/div>\n\t\t\t\t\t\t\t<\/div>\n\t\t\t\t\t\t<\/div>\n\t\t\t\t\t<\/div>\n\t\t\t\t  <\/div>\n\t\t\t\t<\/a>\n\t\t\t[\/vc_column][vc_column width=&#8221;1\/3&#8243;]\n\t\t\t\t<a target=\"_self\" href=\"\/ca\/enviament-paqueteria-internacional\/serveis-importacio\"  class=\"pic_info_link_type5\">\n\t\t\t\t  <div class=\"boc_image_box portfolio_animator_class  \">\n\t\t\t\t\t<div class=\"pic_info type5\">\n\t\t\t\t\t\t<div class=\"pic  img_hover_effect3\"><div class=\"plus_overlay\"><\/div><div class=\"plus_overlay_icon\"><\/div>\n\t\t\t\t\t\t<img loading=\"lazy\" decoding=\"async\" width=\"600\" height=\"380\" src=\"https:\/\/avcourier.es\/wp-content\/uploads\/2022\/06\/3-1-600x380.jpg\" class=\"attachment-boc_medium size-boc_medium\" alt=\"\" \/>\n\t\t\t\t\t\t<div class=\"img_overlay_icon\"><span class=\"portfolio_icon icon_link\"><\/span><\/div><\/div>\n\t\t\t\t\t\t<div class=\"info_overlay\">\n\t\t\t\t\t\t\t<div class=\"info_overlay_padding\">\n\t\t\t\t\t\t\t\t<div class=\"info_desc\">\n\t\t\t\t\t\t\t\t\t<span class=\"portfolio_icon icon_link\"><\/span>\t\t\t\t\n\t\t\t\t\t\t\t\t\t<h3>Servei Importaci\u00f3<\/h3>\n\t\t\t\t\t\t\t\t\t<p><\/p>\n\t\t\t\t\t\t\t\t<\/div>\n\t\t\t\t\t\t\t<\/div>\n\t\t\t\t\t\t<\/div>\n\t\t\t\t\t<\/div>\n\t\t\t\t  <\/div>\n\t\t\t\t<\/a>\n\t\t\t[\/vc_column][\/vc_row][vc_row el_class=&#8221;botones&#8221;][vc_column width=&#8221;1\/3&#8243;]\n\t\t\t\t<a target=\"_self\" href=\"\/ca\/enviament-paqueteria-internacional\/serveis-carregues\"  class=\"pic_info_link_type5\">\n\t\t\t\t  <div class=\"boc_image_box portfolio_animator_class  \">\n\t\t\t\t\t<div class=\"pic_info type5\">\n\t\t\t\t\t\t<div class=\"pic  img_hover_effect3\"><div class=\"plus_overlay\"><\/div><div class=\"plus_overlay_icon\"><\/div>\n\t\t\t\t\t\t<img loading=\"lazy\" decoding=\"async\" width=\"600\" height=\"380\" src=\"https:\/\/avcourier.es\/wp-content\/uploads\/2022\/06\/4-1-600x380.jpg\" class=\"attachment-boc_medium size-boc_medium\" alt=\"\" \/>\n\t\t\t\t\t\t<div class=\"img_overlay_icon\"><span class=\"portfolio_icon icon_link\"><\/span><\/div><\/div>\n\t\t\t\t\t\t<div class=\"info_overlay\">\n\t\t\t\t\t\t\t<div class=\"info_overlay_padding\">\n\t\t\t\t\t\t\t\t<div class=\"info_desc\">\n\t\t\t\t\t\t\t\t\t<span class=\"portfolio_icon icon_link\"><\/span>\t\t\t\t\n\t\t\t\t\t\t\t\t\t<h3>Servei Cargues<\/h3>\n\t\t\t\t\t\t\t\t\t<p><\/p>\n\t\t\t\t\t\t\t\t<\/div>\n\t\t\t\t\t\t\t<\/div>\n\t\t\t\t\t\t<\/div>\n\t\t\t\t\t<\/div>\n\t\t\t\t  <\/div>\n\t\t\t\t<\/a>\n\t\t\t[\/vc_column][vc_column width=&#8221;1\/3&#8243;]\n\t\t\t\t<a target=\"_self\" href=\"\/ca\/enviament-paqueteria-internacional\/enviaments-especials\"  class=\"pic_info_link_type5\">\n\t\t\t\t  <div class=\"boc_image_box portfolio_animator_class  \">\n\t\t\t\t\t<div class=\"pic_info type5\">\n\t\t\t\t\t\t<div class=\"pic  img_hover_effect3\"><div class=\"plus_overlay\"><\/div><div class=\"plus_overlay_icon\"><\/div>\n\t\t\t\t\t\t<img loading=\"lazy\" decoding=\"async\" width=\"600\" height=\"380\" src=\"https:\/\/avcourier.es\/wp-content\/uploads\/2022\/06\/5-1-600x380.jpg\" class=\"attachment-boc_medium size-boc_medium\" alt=\"\" \/>\n\t\t\t\t\t\t<div class=\"img_overlay_icon\"><span class=\"portfolio_icon icon_link\"><\/span><\/div><\/div>\n\t\t\t\t\t\t<div class=\"info_overlay\">\n\t\t\t\t\t\t\t<div class=\"info_overlay_padding\">\n\t\t\t\t\t\t\t\t<div class=\"info_desc\">\n\t\t\t\t\t\t\t\t\t<span class=\"portfolio_icon icon_link\"><\/span>\t\t\t\t\n\t\t\t\t\t\t\t\t\t<h3>Serveis Especials<\/h3>\n\t\t\t\t\t\t\t\t\t<p><\/p>\n\t\t\t\t\t\t\t\t<\/div>\n\t\t\t\t\t\t\t<\/div>\n\t\t\t\t\t\t<\/div>\n\t\t\t\t\t<\/div>\n\t\t\t\t  <\/div>\n\t\t\t\t<\/a>\n\t\t\t[\/vc_column][vc_column width=&#8221;1\/3&#8243;]\n\t\t\t\t<a target=\"_self\" href=\"\/ca\/enviament-paqueteria-internacional\/servei-economy#ventas\"  class=\"pic_info_link_type5\">\n\t\t\t\t  <div class=\"boc_image_box portfolio_animator_class  \">\n\t\t\t\t\t<div class=\"pic_info type5\">\n\t\t\t\t\t\t<div class=\"pic  img_hover_effect3\"><div class=\"plus_overlay\"><\/div><div class=\"plus_overlay_icon\"><\/div>\n\t\t\t\t\t\t<img loading=\"lazy\" decoding=\"async\" width=\"600\" height=\"380\" src=\"https:\/\/avcourier.es\/wp-content\/uploads\/2022\/06\/anoiavalles7-600x380.jpg\" class=\"attachment-boc_medium size-boc_medium\" alt=\"\" \/>\n\t\t\t\t\t\t<div class=\"img_overlay_icon\"><span class=\"portfolio_icon icon_link\"><\/span><\/div><\/div>\n\t\t\t\t\t\t<div class=\"info_overlay\">\n\t\t\t\t\t\t\t<div class=\"info_overlay_padding\">\n\t\t\t\t\t\t\t\t<div class=\"info_desc\">\n\t\t\t\t\t\t\t\t\t<span class=\"portfolio_icon icon_link\"><\/span>\t\t\t\t\n\t\t\t\t\t\t\t\t\t<h3>E-commerce internacional<\/h3>\n\t\t\t\t\t\t\t\t\t<p><\/p>\n\t\t\t\t\t\t\t\t<\/div>\n\t\t\t\t\t\t\t<\/div>\n\t\t\t\t\t\t<\/div>\n\t\t\t\t\t<\/div>\n\t\t\t\t  <\/div>\n\t\t\t\t<\/a>\n\t\t\t[\/vc_column][\/vc_row][vc_row][vc_column]<div class=\"boc_spacing \" style=\"height: 20px\"><\/div>[\/vc_column][\/vc_row]\n<\/div>","protected":false},"excerpt":{"rendered":"<p>[vc_row full_width=&#8221;stretch_row_content_no_spaces&#8221;][vc_column css=&#8221;.vc_custom_1660639711589{background-image: url(\/wp-content\/uploads\/2022\/08\/FOTOS-WEB-3.jpg?id=757) !important;background-position: center !important;background-repeat: no-repeat !important;background-size: cover !important;}&#8221; offset=&#8221;vc_hidden-md vc_hidden-sm vc_hidden-xs&#8221;][vc_column_text css=&#8221;.vc_custom_1652870360136{margin-left: 100px !important;}&#8221;] ENVIAMENT DE PAQUETERIA INTERNACIONAL [\/vc_column_text][\/vc_column][\/vc_row][vc_row full_width=&#8221;stretch_row_content_no_spaces&#8221; css=&#8221;.vc_custom_1652946877765{margin-top: -35px !important;}&#8221;][vc_column css=&#8221;.vc_custom_1660639717533{background-image: url(\/wp-content\/uploads\/2022\/08\/FOTOS-WEB-3.jpg?id=757) !important;background-position: center !important;background-repeat: no-repeat !important;background-size: cover !important;}&#8221; offset=&#8221;vc_hidden-lg&#8221;][vc_column_text] ENVIAMENT DE PAQUETERIA INTERNACIONAL [\/vc_column_text][\/vc_column][\/vc_row][vc_row][vc_column offset=&#8221;vc_hidden-xs&#8221;][vc_row_inner gap=&#8221;35&#8243;][vc_column_inner width=&#8221;1\/2&#8243;][vc_column_text] En AV Courier, som experts en el transport internacional i paqueteria urgent. Disposem d&#8217;una \u00e0mplia experi\u00e8ncia<\/p>\n<div class=\"h10\"><\/div>\n<p><a class=\"more-link1\" href=\"https:\/\/avcourier.es\/ca\/enviament-paqueteria-internacional\">Read more<\/a><\/p>\n","protected":false},"author":1,"featured_media":0,"parent":0,"menu_order":0,"comment_status":"closed","ping_status":"closed","template":"","meta":{"footnotes":""},"class_list":["post-896","page","type-page","status-publish","hentry"],"yoast_head":"<!-- This site is optimized with the Yoast SEO plugin v26.9 - https:\/\/yoast.com\/product\/yoast-seo-wordpress\/ -->\n<title>ENVIAMENT DE PAQUETERIA INTERNACIONAL - AV COURIER Empresa de paqueter\u00eda y env\u00edos<\/title>\n<meta name=\"robots\" content=\"index, follow, max-snippet:-1, max-image-preview:large, max-video-preview:-1\" \/>\n<link rel=\"canonical\" href=\"https:\/\/avcourier.es\/ca\/enviament-paqueteria-internacional\" \/>\n<meta property=\"og:locale\" content=\"ca_ES\" \/>\n<meta property=\"og:type\" content=\"article\" \/>\n<meta property=\"og:title\" content=\"ENVIAMENT DE PAQUETERIA INTERNACIONAL - AV COURIER Empresa de paqueter\u00eda y env\u00edos\" \/>\n<meta property=\"og:description\" content=\"[vc_row full_width=&#8221;stretch_row_content_no_spaces&#8221;][vc_column css=&#8221;.vc_custom_1660639711589{background-image: url(\/wp-content\/uploads\/2022\/08\/FOTOS-WEB-3.jpg?id=757) !important;background-position: center !important;background-repeat: no-repeat !important;background-size: cover !important;}&#8221; offset=&#8221;vc_hidden-md vc_hidden-sm vc_hidden-xs&#8221;][vc_column_text css=&#8221;.vc_custom_1652870360136{margin-left: 100px !important;}&#8221;] ENVIAMENT DE PAQUETERIA INTERNACIONAL [\/vc_column_text][\/vc_column][\/vc_row][vc_row full_width=&#8221;stretch_row_content_no_spaces&#8221; css=&#8221;.vc_custom_1652946877765{margin-top: -35px !important;}&#8221;][vc_column css=&#8221;.vc_custom_1660639717533{background-image: url(\/wp-content\/uploads\/2022\/08\/FOTOS-WEB-3.jpg?id=757) !important;background-position: center !important;background-repeat: no-repeat !important;background-size: cover !important;}&#8221; offset=&#8221;vc_hidden-lg&#8221;][vc_column_text] ENVIAMENT DE PAQUETERIA INTERNACIONAL [\/vc_column_text][\/vc_column][\/vc_row][vc_row][vc_column offset=&#8221;vc_hidden-xs&#8221;][vc_row_inner gap=&#8221;35&#8243;][vc_column_inner width=&#8221;1\/2&#8243;][vc_column_text] En AV Courier, som experts en el transport internacional i paqueteria urgent. Disposem d&#8217;una \u00e0mplia experi\u00e8nciaRead more\" \/>\n<meta property=\"og:url\" content=\"https:\/\/avcourier.es\/ca\/enviament-paqueteria-internacional\" \/>\n<meta property=\"og:site_name\" content=\"AV COURIER Empresa de paqueter\u00eda y env\u00edos\" \/>\n<meta property=\"article:modified_time\" content=\"2022-08-30T11:59:22+00:00\" \/>\n<meta name=\"twitter:card\" content=\"summary_large_image\" \/>\n<meta name=\"twitter:label1\" content=\"Temps estimat de lectura\" \/>\n\t<meta name=\"twitter:data1\" content=\"4 minuts\" \/>\n<script type=\"application\/ld+json\" class=\"yoast-schema-graph\">{\"@context\":\"https:\/\/schema.org\",\"@graph\":[{\"@type\":\"WebPage\",\"@id\":\"https:\/\/avcourier.es\/ca\/enviament-paqueteria-internacional\",\"url\":\"https:\/\/avcourier.es\/ca\/enviament-paqueteria-internacional\",\"name\":\"ENVIAMENT DE PAQUETERIA INTERNACIONAL - AV COURIER Empresa de paqueter\u00eda y env\u00edos\",\"isPartOf\":{\"@id\":\"https:\/\/avcourier.es\/#website\"},\"datePublished\":\"2022-05-17T12:00:07+00:00\",\"dateModified\":\"2022-08-30T11:59:22+00:00\",\"breadcrumb\":{\"@id\":\"https:\/\/avcourier.es\/ca\/enviament-paqueteria-internacional#breadcrumb\"},\"inLanguage\":\"ca\",\"potentialAction\":[{\"@type\":\"ReadAction\",\"target\":[\"https:\/\/avcourier.es\/ca\/enviament-paqueteria-internacional\"]}]},{\"@type\":\"BreadcrumbList\",\"@id\":\"https:\/\/avcourier.es\/ca\/enviament-paqueteria-internacional#breadcrumb\",\"itemListElement\":[{\"@type\":\"ListItem\",\"position\":1,\"name\":\"Portada\",\"item\":\"https:\/\/avcourier.es\/ca\"},{\"@type\":\"ListItem\",\"position\":2,\"name\":\"ENVIAMENT DE PAQUETERIA INTERNACIONAL\"}]},{\"@type\":\"WebSite\",\"@id\":\"https:\/\/avcourier.es\/#website\",\"url\":\"https:\/\/avcourier.es\/\",\"name\":\"AV COURIER Empresa de paqueter\u00eda y env\u00edos\",\"description\":\"\",\"potentialAction\":[{\"@type\":\"SearchAction\",\"target\":{\"@type\":\"EntryPoint\",\"urlTemplate\":\"https:\/\/avcourier.es\/?s={search_term_string}\"},\"query-input\":{\"@type\":\"PropertyValueSpecification\",\"valueRequired\":true,\"valueName\":\"search_term_string\"}}],\"inLanguage\":\"ca\"}]}<\/script>\n<!-- \/ Yoast SEO plugin. -->","yoast_head_json":{"title":"ENVIAMENT DE PAQUETERIA INTERNACIONAL - AV COURIER Empresa de paqueter\u00eda y env\u00edos","robots":{"index":"index","follow":"follow","max-snippet":"max-snippet:-1","max-image-preview":"max-image-preview:large","max-video-preview":"max-video-preview:-1"},"canonical":"https:\/\/avcourier.es\/ca\/enviament-paqueteria-internacional","og_locale":"ca_ES","og_type":"article","og_title":"ENVIAMENT DE PAQUETERIA INTERNACIONAL - AV COURIER Empresa de paqueter\u00eda y env\u00edos","og_description":"[vc_row full_width=&#8221;stretch_row_content_no_spaces&#8221;][vc_column css=&#8221;.vc_custom_1660639711589{background-image: url(\/wp-content\/uploads\/2022\/08\/FOTOS-WEB-3.jpg?id=757) !important;background-position: center !important;background-repeat: no-repeat !important;background-size: cover !important;}&#8221; offset=&#8221;vc_hidden-md vc_hidden-sm vc_hidden-xs&#8221;][vc_column_text css=&#8221;.vc_custom_1652870360136{margin-left: 100px !important;}&#8221;] ENVIAMENT DE PAQUETERIA INTERNACIONAL [\/vc_column_text][\/vc_column][\/vc_row][vc_row full_width=&#8221;stretch_row_content_no_spaces&#8221; css=&#8221;.vc_custom_1652946877765{margin-top: -35px !important;}&#8221;][vc_column css=&#8221;.vc_custom_1660639717533{background-image: url(\/wp-content\/uploads\/2022\/08\/FOTOS-WEB-3.jpg?id=757) !important;background-position: center !important;background-repeat: no-repeat !important;background-size: cover !important;}&#8221; offset=&#8221;vc_hidden-lg&#8221;][vc_column_text] ENVIAMENT DE PAQUETERIA INTERNACIONAL [\/vc_column_text][\/vc_column][\/vc_row][vc_row][vc_column offset=&#8221;vc_hidden-xs&#8221;][vc_row_inner gap=&#8221;35&#8243;][vc_column_inner width=&#8221;1\/2&#8243;][vc_column_text] En AV Courier, som experts en el transport internacional i paqueteria urgent. Disposem d&#8217;una \u00e0mplia experi\u00e8nciaRead more","og_url":"https:\/\/avcourier.es\/ca\/enviament-paqueteria-internacional","og_site_name":"AV COURIER Empresa de paqueter\u00eda y env\u00edos","article_modified_time":"2022-08-30T11:59:22+00:00","twitter_card":"summary_large_image","twitter_misc":{"Temps estimat de lectura":"4 minuts"},"schema":{"@context":"https:\/\/schema.org","@graph":[{"@type":"WebPage","@id":"https:\/\/avcourier.es\/ca\/enviament-paqueteria-internacional","url":"https:\/\/avcourier.es\/ca\/enviament-paqueteria-internacional","name":"ENVIAMENT DE PAQUETERIA INTERNACIONAL - AV COURIER Empresa de paqueter\u00eda y env\u00edos","isPartOf":{"@id":"https:\/\/avcourier.es\/#website"},"datePublished":"2022-05-17T12:00:07+00:00","dateModified":"2022-08-30T11:59:22+00:00","breadcrumb":{"@id":"https:\/\/avcourier.es\/ca\/enviament-paqueteria-internacional#breadcrumb"},"inLanguage":"ca","potentialAction":[{"@type":"ReadAction","target":["https:\/\/avcourier.es\/ca\/enviament-paqueteria-internacional"]}]},{"@type":"BreadcrumbList","@id":"https:\/\/avcourier.es\/ca\/enviament-paqueteria-internacional#breadcrumb","itemListElement":[{"@type":"ListItem","position":1,"name":"Portada","item":"https:\/\/avcourier.es\/ca"},{"@type":"ListItem","position":2,"name":"ENVIAMENT DE PAQUETERIA INTERNACIONAL"}]},{"@type":"WebSite","@id":"https:\/\/avcourier.es\/#website","url":"https:\/\/avcourier.es\/","name":"AV COURIER Empresa de paqueter\u00eda y env\u00edos","description":"","potentialAction":[{"@type":"SearchAction","target":{"@type":"EntryPoint","urlTemplate":"https:\/\/avcourier.es\/?s={search_term_string}"},"query-input":{"@type":"PropertyValueSpecification","valueRequired":true,"valueName":"search_term_string"}}],"inLanguage":"ca"}]}},"_links":{"self":[{"href":"https:\/\/avcourier.es\/ca\/wp-json\/wp\/v2\/pages\/896","targetHints":{"allow":["GET"]}}],"collection":[{"href":"https:\/\/avcourier.es\/ca\/wp-json\/wp\/v2\/pages"}],"about":[{"href":"https:\/\/avcourier.es\/ca\/wp-json\/wp\/v2\/types\/page"}],"author":[{"embeddable":true,"href":"https:\/\/avcourier.es\/ca\/wp-json\/wp\/v2\/users\/1"}],"replies":[{"embeddable":true,"href":"https:\/\/avcourier.es\/ca\/wp-json\/wp\/v2\/comments?post=896"}],"version-history":[{"count":10,"href":"https:\/\/avcourier.es\/ca\/wp-json\/wp\/v2\/pages\/896\/revisions"}],"predecessor-version":[{"id":1156,"href":"https:\/\/avcourier.es\/ca\/wp-json\/wp\/v2\/pages\/896\/revisions\/1156"}],"wp:attachment":[{"href":"https:\/\/avcourier.es\/ca\/wp-json\/wp\/v2\/media?parent=896"}],"curies":[{"name":"wp","href":"https:\/\/api.w.org\/{rel}","templated":true}]}}