{"id":869,"date":"2022-05-24T11:13:00","date_gmt":"2022-05-24T11:13:00","guid":{"rendered":"https:\/\/anoiavallescourier.es\/nacional\/servei-830h"},"modified":"2022-08-30T11:37:46","modified_gmt":"2022-08-30T11:37:46","slug":"enviaments-paqueteries-830h","status":"publish","type":"page","link":"https:\/\/avcourier.es\/ca\/enviament-paqueteria-nacional\/enviaments-paqueteries-830h","title":{"rendered":"ENVIAMENTS PAQUETERIES 8:30h"},"content":{"rendered":"<div class=\"wpb-content-wrapper\">[vc_row full_width=&#8221;stretch_row_content_no_spaces&#8221;][vc_column css=&#8221;.vc_custom_1660639584159{background-image: url(\/wp-content\/uploads\/2022\/08\/FOTOS-WEB-3.jpg?id=757) !important;background-position: center !important;background-repeat: no-repeat !important;background-size: cover !important;}&#8221; offset=&#8221;vc_hidden-md vc_hidden-sm vc_hidden-xs&#8221;]<div class=\"boc_spacing \" style=\"height: 60px\"><\/div>[vc_column_text css=&#8221;.vc_custom_1652870360136{margin-left: 100px !important;}&#8221;]\n<h1 style=\"text-align: left;\"><span style=\"font-weight: bolder; color: white; font-size: 35px;\">SERVEIS PAQUETERIA 8:30h<\/span><\/h1>\n[\/vc_column_text]<div class=\"boc_spacing \" style=\"height: 20px\"><\/div>[\/vc_column][\/vc_row][vc_row full_width=&#8221;stretch_row_content_no_spaces&#8221; css=&#8221;.vc_custom_1652946877765{margin-top: -35px !important;}&#8221;][vc_column css=&#8221;.vc_custom_1660639590853{background-image: url(\/wp-content\/uploads\/2022\/08\/FOTOS-WEB-3.jpg?id=757) !important;background-position: center !important;background-repeat: no-repeat !important;background-size: cover !important;}&#8221; offset=&#8221;vc_hidden-lg&#8221;]<div class=\"boc_spacing \" style=\"height: 60px\"><\/div>[vc_column_text]\n<h1 style=\"text-align: center;\"><span style=\"font-weight: bolder; color: white; font-size: 35px;\">SERVEIS PAQUETERIA 8:30h<\/span><\/h1>\n[\/vc_column_text]<div class=\"boc_spacing \" style=\"height: 20px\"><\/div>[\/vc_column][\/vc_row][vc_row gap=&#8221;35&#8243;][vc_column width=&#8221;1\/2&#8243; css=&#8221;.vc_custom_1653391535197{padding-top: 25px !important;padding-right: 25px !important;padding-bottom: 25px !important;padding-left: 25px !important;background-color: #dddddd !important;border-radius: 10px !important;}&#8221;][vc_column_text]\n<h2><strong><span style=\"color: #58b2ae; font-weight: bold;\">Descobreix el servei 8.30 hores<\/span><\/strong><\/h2>\n<p>Enviament de sobres i paquets amb destinaci\u00f3 a poblacions principals de la Pen\u00ednsula i <strong> lliurament l&#8217;endem\u00e0 a primera hora<\/strong>.[\/vc_column_text][vc_column_text css=&#8221;.vc_custom_1660115923325{padding-top: 25px !important;padding-right: 25px !important;padding-bottom: 25px !important;padding-left: 25px !important;background-color: #ffffff !important;border-radius: 5px !important;}&#8221;]\n<ul>\n<li style=\"list-style-type: none;\">\n<ul>\n<li>Recollim fins a <strong>\u00faltima hora<\/strong> i <strong>lliurament l&#8217;endem\u00e0<\/strong> abans de les 8.30h (lliuraments de Dilluns a Divendres).<\/li>\n<li>Servei amb Origen i\/o Destinaci\u00f3 Espanya peninsular, servei Terrestre fins a 40 kg i 300cm sumant les tres mesures (consultar altres pesos, i mesures irregulars).<\/li>\n<li><strong>Seguiment En l\u00ednia d&#8217;enviaments<\/strong> per app i \u00e0rea de client.<\/li>\n<li><strong>Notificaci\u00f3 a trav\u00e9s d&#8217;email<\/strong> al destinatari amb la informaci\u00f3 de sortida dels enviaments aix\u00ed com de les seves incid\u00e8ncies.<\/li>\n<li><strong>Asseguran\u00e7a opcional<\/strong> amb cobertura fins a 1200\u20ac amb franqu\u00edcia (veure mercaderies excloses)<\/li>\n<li>A trav\u00e9s de la nostra App pot interactuar directament amb el missatger de lliurament per a efectuar canvis en el seu lliurament.<\/li>\n<\/ul>\n<\/li>\n<\/ul>\n<hr \/>\n<p>Consulta condicions i poblacions adscrites a aquest servei.[\/vc_column_text][\/vc_column][vc_column width=&#8221;1\/2&#8243;][vc_column_text]\n<h3><span style=\"font-weight: bolder; font-size: 25px;\">Contacta per m\u00e9s informaci\u00f3<\/span><\/h3>\n[\/vc_column_text]\n<div class=\"wpcf7 no-js\" id=\"wpcf7-f1076-o1\" lang=\"es-ES\" dir=\"ltr\" data-wpcf7-id=\"1076\">\n<div class=\"screen-reader-response\"><p role=\"status\" aria-live=\"polite\" aria-atomic=\"true\"><\/p> <ul><\/ul><\/div>\n<form action=\"\/ca\/wp-json\/wp\/v2\/pages\/869#wpcf7-f1076-o1\" method=\"post\" class=\"wpcf7-form init\" aria-label=\"Formulario de contacto\" novalidate=\"novalidate\" data-status=\"init\">\n<div style=\"display: none;\">\n<input type=\"hidden\" name=\"_wpcf7\" value=\"1076\" \/>\n<input type=\"hidden\" name=\"_wpcf7_version\" value=\"6.0.6\" \/>\n<input type=\"hidden\" name=\"_wpcf7_locale\" value=\"es_ES\" \/>\n<input type=\"hidden\" name=\"_wpcf7_unit_tag\" value=\"wpcf7-f1076-o1\" \/>\n<input type=\"hidden\" name=\"_wpcf7_container_post\" value=\"0\" \/>\n<input type=\"hidden\" name=\"_wpcf7_posted_data_hash\" value=\"\" \/>\n<input type=\"hidden\" name=\"_wpcf7_recaptcha_response\" value=\"\" \/>\n<\/div>\n<p><label><span class=\"wpcf7-form-control-wrap\" data-name=\"your-name\"><input size=\"40\" maxlength=\"400\" class=\"wpcf7-form-control wpcf7-text wpcf7-validates-as-required\" aria-required=\"true\" aria-invalid=\"false\" placeholder=\"Nom\" value=\"\" type=\"text\" name=\"your-name\" \/><\/span><\/label>\n<\/p>\n<p><label><span class=\"wpcf7-form-control-wrap\" data-name=\"your-surname\"><input size=\"40\" maxlength=\"400\" class=\"wpcf7-form-control wpcf7-text wpcf7-validates-as-required\" aria-required=\"true\" aria-invalid=\"false\" placeholder=\"Cognoms\" value=\"\" type=\"text\" name=\"your-surname\" \/><\/span><\/label>\n<\/p>\n<p><label><span class=\"wpcf7-form-control-wrap\" data-name=\"your-email\"><input size=\"40\" maxlength=\"400\" class=\"wpcf7-form-control wpcf7-text wpcf7-validates-as-required\" aria-required=\"true\" aria-invalid=\"false\" placeholder=\"Email\" value=\"\" type=\"text\" name=\"your-email\" \/><\/span><\/label>\n<\/p>\n<p><label><span class=\"wpcf7-form-control-wrap\" data-name=\"your-phone\"><input size=\"40\" maxlength=\"400\" class=\"wpcf7-form-control wpcf7-text wpcf7-validates-as-required\" aria-required=\"true\" aria-invalid=\"false\" placeholder=\"Tel\u00e8fon\" value=\"\" type=\"text\" name=\"your-phone\" \/><\/span><\/label>\n<\/p>\n<p><label><span class=\"wpcf7-form-control-wrap\" data-name=\"your-message\"><textarea cols=\"40\" rows=\"1\" maxlength=\"2000\" class=\"wpcf7-form-control wpcf7-textarea\" aria-invalid=\"false\" placeholder=\"Missatge\" name=\"your-message\"><\/textarea><\/span><\/label>\n<\/p>\n<p><span class=\"wpcf7-form-control-wrap\" data-name=\"Enviodedatos\"><span class=\"wpcf7-form-control wpcf7-acceptance\"><span class=\"wpcf7-list-item\"><label><input type=\"checkbox\" name=\"Enviodedatos\" value=\"1\" aria-invalid=\"false\" \/><span class=\"wpcf7-list-item-label\">Acceptes l'enviament de dades?<\/span><\/label><\/span><\/span><\/span>\n<\/p>\n<p><span class=\"wpcf7-form-control-wrap\" data-name=\"Enviodedatos\"><span class=\"wpcf7-form-control wpcf7-acceptance\"><span class=\"wpcf7-list-item\"><label><input type=\"checkbox\" name=\"Enviodedatos\" value=\"1\" aria-invalid=\"false\" \/><span class=\"wpcf7-list-item-label\">Acceptes la <a href=\"\/aviso-legal\"><strong>pol\u00edtica de privacitat<\/strong><\/a>?<\/span><\/label><\/span><\/span><\/span>\n<\/p>\n<span class=\"wpcf7-form-control-wrap recaptcha\" data-name=\"recaptcha\"><span data-sitekey=\"6LecbPwfAAAAAJpj4oJx6dHb573MPRLixdVZqcfN\" class=\"wpcf7-form-control wpcf7-recaptcha g-recaptcha\"><\/span>\r\n<noscript>\r\n\t<div class=\"grecaptcha-noscript\">\r\n\t\t<iframe loading=\"lazy\" src=\"https:\/\/www.google.com\/recaptcha\/api\/fallback?k=6LecbPwfAAAAAJpj4oJx6dHb573MPRLixdVZqcfN\" frameborder=\"0\" scrolling=\"no\" width=\"310\" height=\"430\">\r\n\t\t<\/iframe>\r\n\t\t<textarea name=\"g-recaptcha-response\" rows=\"3\" cols=\"40\" placeholder=\"Aqu\u00ed la respuesta de reCAPTCHA\">\r\n\t\t<\/textarea>\r\n\t<\/div>\r\n<\/noscript>\r\n<\/span>\n<p><input class=\"wpcf7-form-control wpcf7-submit has-spinner\" type=\"submit\" value=\"Enviar\" \/>\n<\/p><div class=\"wpcf7-response-output\" aria-hidden=\"true\"><\/div>\n<\/form>\n<\/div>\n[\/vc_column][\/vc_row][vc_row][vc_column]<div class=\"boc_spacing \" style=\"height: 20px\"><\/div>[\/vc_column][\/vc_row]\n<\/div>","protected":false},"excerpt":{"rendered":"<p>[vc_row full_width=&#8221;stretch_row_content_no_spaces&#8221;][vc_column css=&#8221;.vc_custom_1660639584159{background-image: url(\/wp-content\/uploads\/2022\/08\/FOTOS-WEB-3.jpg?id=757) !important;background-position: center !important;background-repeat: no-repeat !important;background-size: cover !important;}&#8221; offset=&#8221;vc_hidden-md vc_hidden-sm vc_hidden-xs&#8221;][vc_column_text css=&#8221;.vc_custom_1652870360136{margin-left: 100px !important;}&#8221;] SERVEIS PAQUETERIA 8:30h [\/vc_column_text][\/vc_column][\/vc_row][vc_row full_width=&#8221;stretch_row_content_no_spaces&#8221; css=&#8221;.vc_custom_1652946877765{margin-top: -35px !important;}&#8221;][vc_column css=&#8221;.vc_custom_1660639590853{background-image: url(\/wp-content\/uploads\/2022\/08\/FOTOS-WEB-3.jpg?id=757) !important;background-position: center !important;background-repeat: no-repeat !important;background-size: cover !important;}&#8221; offset=&#8221;vc_hidden-lg&#8221;][vc_column_text] SERVEIS PAQUETERIA 8:30h [\/vc_column_text][\/vc_column][\/vc_row][vc_row gap=&#8221;35&#8243;][vc_column width=&#8221;1\/2&#8243; css=&#8221;.vc_custom_1653391535197{padding-top: 25px !important;padding-right: 25px !important;padding-bottom: 25px !important;padding-left: 25px !important;background-color: #dddddd !important;border-radius: 10px !important;}&#8221;][vc_column_text] Descobreix el servei 8.30 hores Enviament<\/p>\n<div class=\"h10\"><\/div>\n<p><a class=\"more-link1\" href=\"https:\/\/avcourier.es\/ca\/enviament-paqueteria-nacional\/enviaments-paqueteries-830h\">Read more<\/a><\/p>\n","protected":false},"author":1,"featured_media":0,"parent":863,"menu_order":0,"comment_status":"closed","ping_status":"closed","template":"","meta":{"footnotes":""},"class_list":["post-869","page","type-page","status-publish","hentry"],"yoast_head":"<!-- This site is optimized with the Yoast SEO plugin v26.9 - https:\/\/yoast.com\/product\/yoast-seo-wordpress\/ -->\n<title>ENVIAMENTS PAQUETERIES 8:30h - AV COURIER Empresa de paqueter\u00eda y env\u00edos<\/title>\n<meta name=\"robots\" content=\"index, follow, max-snippet:-1, max-image-preview:large, max-video-preview:-1\" \/>\n<link rel=\"canonical\" href=\"https:\/\/avcourier.es\/envio-paqueteria-nacional\/envios-paqueteria-830h\" \/>\n<meta property=\"og:locale\" content=\"ca_ES\" \/>\n<meta property=\"og:type\" content=\"article\" \/>\n<meta property=\"og:title\" content=\"ENVIAMENTS PAQUETERIES 8:30h - AV COURIER Empresa de paqueter\u00eda y env\u00edos\" \/>\n<meta property=\"og:description\" content=\"[vc_row full_width=&#8221;stretch_row_content_no_spaces&#8221;][vc_column css=&#8221;.vc_custom_1660639584159{background-image: url(\/wp-content\/uploads\/2022\/08\/FOTOS-WEB-3.jpg?id=757) !important;background-position: center !important;background-repeat: no-repeat !important;background-size: cover !important;}&#8221; offset=&#8221;vc_hidden-md vc_hidden-sm vc_hidden-xs&#8221;][vc_column_text css=&#8221;.vc_custom_1652870360136{margin-left: 100px !important;}&#8221;] SERVEIS PAQUETERIA 8:30h [\/vc_column_text][\/vc_column][\/vc_row][vc_row full_width=&#8221;stretch_row_content_no_spaces&#8221; css=&#8221;.vc_custom_1652946877765{margin-top: -35px !important;}&#8221;][vc_column css=&#8221;.vc_custom_1660639590853{background-image: url(\/wp-content\/uploads\/2022\/08\/FOTOS-WEB-3.jpg?id=757) !important;background-position: center !important;background-repeat: no-repeat !important;background-size: cover !important;}&#8221; offset=&#8221;vc_hidden-lg&#8221;][vc_column_text] SERVEIS PAQUETERIA 8:30h [\/vc_column_text][\/vc_column][\/vc_row][vc_row gap=&#8221;35&#8243;][vc_column width=&#8221;1\/2&#8243; css=&#8221;.vc_custom_1653391535197{padding-top: 25px !important;padding-right: 25px !important;padding-bottom: 25px !important;padding-left: 25px !important;background-color: #dddddd !important;border-radius: 10px !important;}&#8221;][vc_column_text] Descobreix el servei 8.30 hores EnviamentRead more\" \/>\n<meta property=\"og:url\" content=\"https:\/\/avcourier.es\/envio-paqueteria-nacional\/envios-paqueteria-830h\" \/>\n<meta property=\"og:site_name\" content=\"AV COURIER Empresa de paqueter\u00eda y env\u00edos\" \/>\n<meta property=\"article:modified_time\" content=\"2022-08-30T11:37:46+00:00\" \/>\n<meta name=\"twitter:card\" content=\"summary_large_image\" \/>\n<meta name=\"twitter:label1\" content=\"Temps estimat de lectura\" \/>\n\t<meta name=\"twitter:data1\" content=\"2 minuts\" \/>\n<script type=\"application\/ld+json\" class=\"yoast-schema-graph\">{\"@context\":\"https:\/\/schema.org\",\"@graph\":[{\"@type\":\"WebPage\",\"@id\":\"https:\/\/avcourier.es\/envio-paqueteria-nacional\/envios-paqueteria-830h\",\"url\":\"https:\/\/avcourier.es\/envio-paqueteria-nacional\/envios-paqueteria-830h\",\"name\":\"ENVIAMENTS PAQUETERIES 8:30h - AV COURIER Empresa de paqueter\u00eda y env\u00edos\",\"isPartOf\":{\"@id\":\"https:\/\/avcourier.es\/#website\"},\"datePublished\":\"2022-05-24T11:13:00+00:00\",\"dateModified\":\"2022-08-30T11:37:46+00:00\",\"breadcrumb\":{\"@id\":\"https:\/\/avcourier.es\/envio-paqueteria-nacional\/envios-paqueteria-830h#breadcrumb\"},\"inLanguage\":\"ca\",\"potentialAction\":[{\"@type\":\"ReadAction\",\"target\":[\"https:\/\/avcourier.es\/envio-paqueteria-nacional\/envios-paqueteria-830h\"]}]},{\"@type\":\"BreadcrumbList\",\"@id\":\"https:\/\/avcourier.es\/envio-paqueteria-nacional\/envios-paqueteria-830h#breadcrumb\",\"itemListElement\":[{\"@type\":\"ListItem\",\"position\":1,\"name\":\"Portada\",\"item\":\"https:\/\/avcourier.es\/ca\"},{\"@type\":\"ListItem\",\"position\":2,\"name\":\"ENVIAMENT DE PAQUETERIA NACIONAL\",\"item\":\"https:\/\/avcourier.es\/envio-paqueteria-nacional\"},{\"@type\":\"ListItem\",\"position\":3,\"name\":\"ENVIAMENTS PAQUETERIES 8:30h\"}]},{\"@type\":\"WebSite\",\"@id\":\"https:\/\/avcourier.es\/#website\",\"url\":\"https:\/\/avcourier.es\/\",\"name\":\"AV COURIER Empresa de paqueter\u00eda y env\u00edos\",\"description\":\"\",\"potentialAction\":[{\"@type\":\"SearchAction\",\"target\":{\"@type\":\"EntryPoint\",\"urlTemplate\":\"https:\/\/avcourier.es\/?s={search_term_string}\"},\"query-input\":{\"@type\":\"PropertyValueSpecification\",\"valueRequired\":true,\"valueName\":\"search_term_string\"}}],\"inLanguage\":\"ca\"}]}<\/script>\n<!-- \/ Yoast SEO plugin. -->","yoast_head_json":{"title":"ENVIAMENTS PAQUETERIES 8:30h - AV COURIER Empresa de paqueter\u00eda y env\u00edos","robots":{"index":"index","follow":"follow","max-snippet":"max-snippet:-1","max-image-preview":"max-image-preview:large","max-video-preview":"max-video-preview:-1"},"canonical":"https:\/\/avcourier.es\/envio-paqueteria-nacional\/envios-paqueteria-830h","og_locale":"ca_ES","og_type":"article","og_title":"ENVIAMENTS PAQUETERIES 8:30h - AV COURIER Empresa de paqueter\u00eda y env\u00edos","og_description":"[vc_row full_width=&#8221;stretch_row_content_no_spaces&#8221;][vc_column css=&#8221;.vc_custom_1660639584159{background-image: url(\/wp-content\/uploads\/2022\/08\/FOTOS-WEB-3.jpg?id=757) !important;background-position: center !important;background-repeat: no-repeat !important;background-size: cover !important;}&#8221; offset=&#8221;vc_hidden-md vc_hidden-sm vc_hidden-xs&#8221;][vc_column_text css=&#8221;.vc_custom_1652870360136{margin-left: 100px !important;}&#8221;] SERVEIS PAQUETERIA 8:30h [\/vc_column_text][\/vc_column][\/vc_row][vc_row full_width=&#8221;stretch_row_content_no_spaces&#8221; css=&#8221;.vc_custom_1652946877765{margin-top: -35px !important;}&#8221;][vc_column css=&#8221;.vc_custom_1660639590853{background-image: url(\/wp-content\/uploads\/2022\/08\/FOTOS-WEB-3.jpg?id=757) !important;background-position: center !important;background-repeat: no-repeat !important;background-size: cover !important;}&#8221; offset=&#8221;vc_hidden-lg&#8221;][vc_column_text] SERVEIS PAQUETERIA 8:30h [\/vc_column_text][\/vc_column][\/vc_row][vc_row gap=&#8221;35&#8243;][vc_column width=&#8221;1\/2&#8243; css=&#8221;.vc_custom_1653391535197{padding-top: 25px !important;padding-right: 25px !important;padding-bottom: 25px !important;padding-left: 25px !important;background-color: #dddddd !important;border-radius: 10px !important;}&#8221;][vc_column_text] Descobreix el servei 8.30 hores EnviamentRead more","og_url":"https:\/\/avcourier.es\/envio-paqueteria-nacional\/envios-paqueteria-830h","og_site_name":"AV COURIER Empresa de paqueter\u00eda y env\u00edos","article_modified_time":"2022-08-30T11:37:46+00:00","twitter_card":"summary_large_image","twitter_misc":{"Temps estimat de lectura":"2 minuts"},"schema":{"@context":"https:\/\/schema.org","@graph":[{"@type":"WebPage","@id":"https:\/\/avcourier.es\/envio-paqueteria-nacional\/envios-paqueteria-830h","url":"https:\/\/avcourier.es\/envio-paqueteria-nacional\/envios-paqueteria-830h","name":"ENVIAMENTS PAQUETERIES 8:30h - AV COURIER Empresa de paqueter\u00eda y env\u00edos","isPartOf":{"@id":"https:\/\/avcourier.es\/#website"},"datePublished":"2022-05-24T11:13:00+00:00","dateModified":"2022-08-30T11:37:46+00:00","breadcrumb":{"@id":"https:\/\/avcourier.es\/envio-paqueteria-nacional\/envios-paqueteria-830h#breadcrumb"},"inLanguage":"ca","potentialAction":[{"@type":"ReadAction","target":["https:\/\/avcourier.es\/envio-paqueteria-nacional\/envios-paqueteria-830h"]}]},{"@type":"BreadcrumbList","@id":"https:\/\/avcourier.es\/envio-paqueteria-nacional\/envios-paqueteria-830h#breadcrumb","itemListElement":[{"@type":"ListItem","position":1,"name":"Portada","item":"https:\/\/avcourier.es\/ca"},{"@type":"ListItem","position":2,"name":"ENVIAMENT DE PAQUETERIA NACIONAL","item":"https:\/\/avcourier.es\/envio-paqueteria-nacional"},{"@type":"ListItem","position":3,"name":"ENVIAMENTS PAQUETERIES 8:30h"}]},{"@type":"WebSite","@id":"https:\/\/avcourier.es\/#website","url":"https:\/\/avcourier.es\/","name":"AV COURIER Empresa de paqueter\u00eda y env\u00edos","description":"","potentialAction":[{"@type":"SearchAction","target":{"@type":"EntryPoint","urlTemplate":"https:\/\/avcourier.es\/?s={search_term_string}"},"query-input":{"@type":"PropertyValueSpecification","valueRequired":true,"valueName":"search_term_string"}}],"inLanguage":"ca"}]}},"_links":{"self":[{"href":"https:\/\/avcourier.es\/ca\/wp-json\/wp\/v2\/pages\/869","targetHints":{"allow":["GET"]}}],"collection":[{"href":"https:\/\/avcourier.es\/ca\/wp-json\/wp\/v2\/pages"}],"about":[{"href":"https:\/\/avcourier.es\/ca\/wp-json\/wp\/v2\/types\/page"}],"author":[{"embeddable":true,"href":"https:\/\/avcourier.es\/ca\/wp-json\/wp\/v2\/users\/1"}],"replies":[{"embeddable":true,"href":"https:\/\/avcourier.es\/ca\/wp-json\/wp\/v2\/comments?post=869"}],"version-history":[{"count":14,"href":"https:\/\/avcourier.es\/ca\/wp-json\/wp\/v2\/pages\/869\/revisions"}],"predecessor-version":[{"id":1147,"href":"https:\/\/avcourier.es\/ca\/wp-json\/wp\/v2\/pages\/869\/revisions\/1147"}],"up":[{"embeddable":true,"href":"https:\/\/avcourier.es\/ca\/wp-json\/wp\/v2\/pages\/863"}],"wp:attachment":[{"href":"https:\/\/avcourier.es\/ca\/wp-json\/wp\/v2\/media?parent=869"}],"curies":[{"name":"wp","href":"https:\/\/api.w.org\/{rel}","templated":true}]}}